  {"id":784,"date":"2019-05-09T12:39:06","date_gmt":"2019-05-09T11:39:06","guid":{"rendered":"https:\/\/dusart.nl\/entwicklung\/"},"modified":"2024-10-18T12:35:45","modified_gmt":"2024-10-18T10:35:45","slug":"entwicklung","status":"publish","type":"page","link":"https:\/\/dusart.nl\/de\/entwicklung\/","title":{"rendered":"entwicklung"},"content":{"rendered":"<div class=\"wpb-content-wrapper\"><p>[vc_row][vc_column][rev_slider_vc alias=&#8221;ontwikkelen&#8221;][\/vc_column][\/vc_row][vc_row][vc_column width=&#8221;1\/6&#8243;][\/vc_column][vc_column css_animation=&#8221;fadeInUp&#8221; width=&#8221;2\/3&#8243; marginheader=&#8221;&#8221; paddingheader=&#8221;&#8221; lmarginheader=&#8221;&#8221; lpaddingheader=&#8221;&#8221; tmarginheader=&#8221;&#8221; tpaddingheader=&#8221;&#8221; mmarginheader=&#8221;&#8221; mpaddingheader=&#8221;&#8221; el_class=&#8221;large-sub-section&#8221;][vc_column_text el_class=&#8221;large-sub-section-text&#8221;]<\/p>\n<h2>Entwicklung<\/h2>\n<p>DuSart Pharma entwickelt, produziert und verpackt Nahrungserg\u00e4nzungsmittel, unter anderem medizinische Heilmittel und andere Gesundheitsprodukte wie Salben und Tinkturen. Wir verf\u00fcgen \u00fcber eine sehr erfahrene Abteilung f\u00fcr Forschung und Entwicklung, die ganz nach Ihren W\u00fcnschen ein passendes Produkt entwickelt, das allen gesetzlichen Anforderungen und gesundheitsbezogenen Angaben entspricht. Unsere Produkte werden in unserem eigenen Labor entwickelt und getestet und in eigener Regie von uns hergestellt. Dadurch haben wir die Herstellung und Qualit\u00e4t aller Produkte immer im Griff.[\/vc_column_text][\/vc_column][vc_column width=&#8221;1\/6&#8243;][\/vc_column][\/vc_row][vc_row equal_height=&#8221;yes&#8221; content_placement=&#8221;middle&#8221; marginheader=&#8221;&#8221; paddingheader=&#8221;&#8221; lmarginheader=&#8221;&#8221; lpaddingheader=&#8221;&#8221; tmarginheader=&#8221;&#8221; tpaddingheader=&#8221;&#8221; mmarginheader=&#8221;&#8221; mpaddingheader=&#8221;&#8221; el_id=&#8221;flexible-production&#8221;][vc_column width=&#8221;1\/6&#8243;][\/vc_column][vc_column width=&#8221;1\/3&#8243; marginheader=&#8221;&#8221; paddingheader=&#8221;&#8221; lmarginheader=&#8221;&#8221; lpaddingheader=&#8221;&#8221; tmarginheader=&#8221;&#8221; tpaddingheader=&#8221;&#8221; mmarginheader=&#8221;&#8221; mpaddingheader=&#8221;&#8221; css=&#8221;.vc_custom_1556697168213{background-color: #c25b46 !important;}&#8221; el_class=&#8221;colored-icon-block&#8221;][vc_single_image image=&#8221;658&#8243; img_size=&#8221;full&#8221; alignment=&#8221;center&#8221; css_animation=&#8221;fadeIn&#8221;][\/vc_column][vc_column width=&#8221;1\/3&#8243;][vc_column_text css_animation=&#8221;fadeInDown&#8221; el_class=&#8221;icon-info&#8221;]<\/p>\n<h3>Flexible Produktionslinien<\/h3>\n<p>Unsere Produktionslinien sind so eingerichtet, dass wir in der Lage sind, sowohl kleine als auch gro\u00dfe Mengen zu produzieren. Zu unseren Kunden z\u00e4hlen daher sowohl Unternehmer mit Startup-Projekten als auch gro\u00dfe Multinationals. Der damit verbundene Mehrwert besteht in der M\u00f6glichkeit, in der Testphase mit der Produktion einer kleinen Auflage zu starten, um die Produktion anschlie\u00dfend bedarfsgem\u00e4\u00df zu steigen und so mit Ihrem Erfolg mitzuwachsen.[\/vc_column_text][\/vc_column][vc_column width=&#8221;1\/6&#8243;][\/vc_column][\/vc_row][vc_row equal_height=&#8221;yes&#8221; content_placement=&#8221;middle&#8221; marginheader=&#8221;&#8221; paddingheader=&#8221;&#8221; lmarginheader=&#8221;&#8221; lpaddingheader=&#8221;&#8221; tmarginheader=&#8221;&#8221; tpaddingheader=&#8221;&#8221; mmarginheader=&#8221;&#8221; mpaddingheader=&#8221;&#8221; el_id=&#8221;research-and-development&#8221;][vc_column width=&#8221;1\/6&#8243;][\/vc_column][vc_column width=&#8221;1\/3&#8243; marginheader=&#8221;&#8221; paddingheader=&#8221;&#8221; lmarginheader=&#8221;&#8221; lpaddingheader=&#8221;&#8221; tmarginheader=&#8221;&#8221; tpaddingheader=&#8221;&#8221; mmarginheader=&#8221;&#8221; mpaddingheader=&#8221;&#8221; el_class=&#8221;colored-icon-block&#8221; css=&#8221;.vc_custom_1556697177400{background-color: #c25b46 !important;}&#8221;][vc_single_image image=&#8221;660&#8243; img_size=&#8221;full&#8221; alignment=&#8221;center&#8221; css_animation=&#8221;fadeIn&#8221;][\/vc_column][vc_column width=&#8221;1\/3&#8243;][vc_column_text css_animation=&#8221;fadeInDown&#8221; el_class=&#8221;icon-info&#8221;]<\/p>\n<h3>Forschung &amp; Entwicklung<\/h3>\n<p>Ihr Erfolg ist auch unser Erfolg. Unser Forschungs- und Entwicklungsteam ist dabei ein wichtiger Bestandteil. Es steht unter der Leitung eines sehr erfahrenen Apothekers; \u00fcberdies sind in ihm die verschiedenen Fachgebiete unseres Unternehmens mit einer Abordnung vertreten. Das Zustandekommen des (End-)Produkts beginnt also bereits mit der Einbeziehung aller Spezialisten am Beginn des Verfahrens. Dadurch k\u00f6nnen wir das Entwicklungsverfahren und die Lieferzeit auch erheblich verk\u00fcrzen.[\/vc_column_text][\/vc_column][vc_column width=&#8221;1\/6&#8243;][\/vc_column][\/vc_row][vc_row equal_height=&#8221;yes&#8221; content_placement=&#8221;middle&#8221; marginheader=&#8221;&#8221; paddingheader=&#8221;&#8221; lmarginheader=&#8221;&#8221; lpaddingheader=&#8221;&#8221; tmarginheader=&#8221;&#8221; tpaddingheader=&#8221;&#8221; mmarginheader=&#8221;&#8221; mpaddingheader=&#8221;&#8221; el_id=&#8221;commercial-success&#8221;][vc_column width=&#8221;1\/6&#8243;][\/vc_column][vc_column width=&#8221;1\/3&#8243; marginheader=&#8221;&#8221; paddingheader=&#8221;&#8221; lmarginheader=&#8221;&#8221; lpaddingheader=&#8221;&#8221; tmarginheader=&#8221;&#8221; tpaddingheader=&#8221;&#8221; mmarginheader=&#8221;&#8221; mpaddingheader=&#8221;&#8221; css=&#8221;.vc_custom_1556697168213{background-color: #c25b46 !important;}&#8221; el_class=&#8221;colored-icon-block&#8221;][vc_single_image image=&#8221;1068&#8243; img_size=&#8221;full&#8221; alignment=&#8221;center&#8221; css_animation=&#8221;fadeIn&#8221;][\/vc_column][vc_column width=&#8221;1\/3&#8243;][vc_column_text css_animation=&#8221;fadeInDown&#8221; el_class=&#8221;icon-info&#8221;]<\/p>\n<h3>Kommerzieller Erfolg<\/h3>\n<p>DuSart Pharma ist mehr als nur ein Lieferant\/Hersteller. Wir denken aktiv mit, geben Feedback und Anregungen. Auf diese Weise bekommen Sie faktisch einen Sparringspartner, der Ihnen hilft, Ihre Idee zu einem erfolgreichen Produkt zu perfektionieren.[\/vc_column_text][\/vc_column][vc_column width=&#8221;1\/6&#8243;][\/vc_column][\/vc_row][vc_row][vc_column][vc_empty_space height=&#8221;100px&#8221; el_class=&#8221;collapsable-space-top&#8221;][\/vc_column][\/vc_row][vc_row mmargintop=&#8221;50px&#8221; marginheader=&#8221;&#8221; paddingheader=&#8221;&#8221; lmarginheader=&#8221;&#8221; lpaddingheader=&#8221;&#8221; tmarginheader=&#8221;&#8221; tpaddingheader=&#8221;&#8221; mmarginheader=&#8221;&#8221; mpaddingheader=&#8221;&#8221;][vc_column width=&#8221;1\/6&#8243;][\/vc_column][vc_column css_animation=&#8221;bottom-to-top&#8221; width=&#8221;2\/3&#8243; marginheader=&#8221;&#8221; paddingheader=&#8221;&#8221; lmarginheader=&#8221;&#8221; lpaddingheader=&#8221;&#8221; tmarginheader=&#8221;&#8221; tpaddingheader=&#8221;&#8221; mmarginheader=&#8221;&#8221; mpaddingheader=&#8221;&#8221;][vc_column_text el_class=&#8221;form-header&#8221;]<\/p>\n<h3>Zusammen Ihr Produkt Entwerfen und produzieren? Sind Sie neugierig auf unsere Verpackungsm\u00f6glichkeiten? M\u00f6chten Sie mehr \u00fcber Nahrungserg\u00e4nzungsmittel erfahren? Kontaktieren Sie uns!<\/h3>\n<p>[\/vc_column_text]<div class=\"wpforms-container collaborate-form wpforms-render-modern\" id=\"wpforms-6869\"><form id=\"wpforms-form-6869\" class=\"wpforms-validate wpforms-form\" data-formid=\"6869\" method=\"post\" enctype=\"multipart\/form-data\" action=\"\/de\/wp-json\/wp\/v2\/pages\/784\" data-token=\"5088d51ffd67751a671aecf613f0d18f\" data-token-time=\"1777799776\"><noscript class=\"wpforms-error-noscript\">Bitte aktiviere JavaScript in deinem Browser, um dieses Formular fertigzustellen.<\/noscript><div id=\"wpforms-error-noscript\" style=\"display: none;\">Bitte aktiviere JavaScript in deinem Browser, um dieses Formular fertigzustellen.<\/div><div class=\"wpforms-field-container\"><div id=\"wpforms-6869-field_7-container\" class=\"wpforms-field wpforms-field-layout\" data-field-id=\"7\"><div class=\"wpforms-field-layout-rows wpforms-field-large\"><div class=\"wpforms-layout-row\"><div class=\"wpforms-layout-column wpforms-layout-column-50\"><div id=\"wpforms-6869-field_1-container\" class=\"wpforms-field wpforms-field-text\" data-field-id=\"1\"><label class=\"wpforms-field-label wpforms-label-hide\" for=\"wpforms-6869-field_1\" aria-hidden=\"false\">Vorname <span class=\"wpforms-required-label\" aria-hidden=\"true\">*<\/span><\/label><input type=\"text\" id=\"wpforms-6869-field_1\" class=\"wpforms-field-medium wpforms-field-required\" name=\"wpforms[fields][1]\" placeholder=\"Vorname\" aria-errormessage=\"wpforms-6869-field_1-error\" required><\/div><\/div><div class=\"wpforms-layout-column wpforms-layout-column-50\"><div id=\"wpforms-6869-field_2-container\" class=\"wpforms-field wpforms-field-text\" data-field-id=\"2\"><label class=\"wpforms-field-label wpforms-label-hide\" for=\"wpforms-6869-field_2\" aria-hidden=\"false\">Nachname <span class=\"wpforms-required-label\" aria-hidden=\"true\">*<\/span><\/label><input type=\"text\" id=\"wpforms-6869-field_2\" class=\"wpforms-field-medium wpforms-field-required\" name=\"wpforms[fields][2]\" placeholder=\"Nachname\" aria-errormessage=\"wpforms-6869-field_2-error\" required><\/div><\/div><\/div><div class=\"wpforms-layout-row\"><div class=\"wpforms-layout-column wpforms-layout-column-50\"><div id=\"wpforms-6869-field_3-container\" class=\"wpforms-field wpforms-field-email\" data-field-id=\"3\"><label class=\"wpforms-field-label wpforms-label-hide\" for=\"wpforms-6869-field_3\" aria-hidden=\"false\">E-Mail-Adresse <span class=\"wpforms-required-label\" aria-hidden=\"true\">*<\/span><\/label><input type=\"email\" id=\"wpforms-6869-field_3\" class=\"wpforms-field-medium wpforms-field-required\" name=\"wpforms[fields][3]\" placeholder=\"E-Mail-Adresse\" spellcheck=\"false\" aria-errormessage=\"wpforms-6869-field_3-error\" required><\/div><\/div><div class=\"wpforms-layout-column wpforms-layout-column-50\"><div id=\"wpforms-6869-field_4-container\" class=\"wpforms-field wpforms-field-phone\" data-field-id=\"4\"><label class=\"wpforms-field-label wpforms-label-hide\" for=\"wpforms-6869-field_4\" aria-hidden=\"false\">Telefonnummer <span class=\"wpforms-required-label\" aria-hidden=\"true\">*<\/span><\/label><input type=\"tel\" id=\"wpforms-6869-field_4\" class=\"wpforms-field-medium wpforms-field-required\" data-rule-int-phone-field=\"true\" name=\"wpforms[fields][4]\" placeholder=\"Telefonnummer\" aria-label=\"Telefonnummer\" aria-errormessage=\"wpforms-6869-field_4-error\" required><\/div><\/div><\/div><\/div><\/div><div id=\"wpforms-6869-field_5-container\" class=\"wpforms-field wpforms-field-textarea\" data-field-id=\"5\"><label class=\"wpforms-field-label wpforms-label-hide\" for=\"wpforms-6869-field_5\" aria-hidden=\"false\">Mitteilung<\/label><textarea id=\"wpforms-6869-field_5\" class=\"wpforms-field-medium\" name=\"wpforms[fields][5]\" placeholder=\"Mitteilung\" aria-errormessage=\"wpforms-6869-field_5-error\" ><\/textarea><\/div><div id=\"wpforms-6869-field_6-container\" class=\"wpforms-field wpforms-field-checkbox collaborate-form\" data-field-id=\"6\"><fieldset><legend class=\"wpforms-field-label wpforms-label-hide\" aria-hidden=\"false\">Acceptance field <span class=\"wpforms-required-label\" aria-hidden=\"true\">*<\/span><\/legend><ul id=\"wpforms-6869-field_6\" class=\"wpforms-field-required\"><li class=\"choice-1 depth-1\"><input type=\"checkbox\" id=\"wpforms-6869-field_6_1\" name=\"wpforms[fields][6][]\" value=\"Ich bin mit den Bedingungen auf unserer &lt;a href=&quot;https:\/\/dusart.nl\/de\/datenschutz\/&quot;&gt;Datenschutzseite&lt;\/a&gt; einverstanden.\" aria-errormessage=\"wpforms-6869-field_6_1-error\" required ><label class=\"wpforms-field-label-inline\" for=\"wpforms-6869-field_6_1\">Ich bin mit den Bedingungen auf unserer <a href=\"https:\/\/dusart.nl\/de\/datenschutz\/\">Datenschutzseite<\/a> einverstanden.<\/label><\/li><\/ul><\/fieldset><\/div>\t\t<div id=\"wpforms-6869-field_8-container\"\n\t\t\tclass=\"wpforms-field wpforms-field-text\"\n\t\t\tdata-field-type=\"text\"\n\t\t\tdata-field-id=\"8\"\n\t\t\t>\n\t\t\t<label class=\"wpforms-field-label\" for=\"wpforms-6869-field_8\" >Vorname Mitteilung E-Mail-Adresse<\/label>\n\t\t\t<input type=\"text\" id=\"wpforms-6869-field_8\" class=\"wpforms-field-medium\" name=\"wpforms[fields][8]\" >\n\t\t<\/div>\n\t\t<div id=\"wpforms-6869-field_9-container\" class=\"wpforms-field wpforms-field-content recaptcha-text\" data-field-id=\"9\"><div id=\"wpforms-6869-field_9\" class=\"wpforms-field-large wpforms-field-row\" aria-errormessage=\"wpforms-6869-field_9-error\"><p>This site is protected by reCAPTCHA and the Google <a href=\"https:\/\/policies.google.com\/privacy\">Privacy Policy<\/a> and <a href=\"https:\/\/policies.google.com\/terms\">Terms of Service<\/a> apply.<\/p>\n<div class=\"wpforms-field-content-display-frontend-clear\"><\/div><\/div><\/div><script>\n\t\t\t\t( function() {\n\t\t\t\t\tconst style = document.createElement( 'style' );\n\t\t\t\t\tstyle.appendChild( document.createTextNode( '#wpforms-6869-field_8-container { position: absolute !important; overflow: hidden !important; display: inline !important; height: 1px !important; width: 1px !important; z-index: -1000 !important; padding: 0 !important; } #wpforms-6869-field_8-container input { visibility: hidden; } #wpforms-conversational-form-page #wpforms-6869-field_8-container label { counter-increment: none; }' ) );\n\t\t\t\t\tdocument.head.appendChild( style );\n\t\t\t\t\tdocument.currentScript?.remove();\n\t\t\t\t} )();\n\t\t\t<\/script><\/div><!-- .wpforms-field-container --><div class=\"wpforms-recaptcha-container wpforms-is-recaptcha wpforms-is-recaptcha-type-v3\" ><input type=\"hidden\" name=\"wpforms[recaptcha]\" value=\"\"><\/div><div class=\"wpforms-submit-container\" ><input type=\"hidden\" name=\"wpforms[id]\" value=\"6869\"><input type=\"hidden\" name=\"page_title\" value=\"\"><input type=\"hidden\" name=\"page_url\" value=\"https:\/\/dusart.nl\/de\/wp-json\/wp\/v2\/pages\/784\"><input type=\"hidden\" name=\"url_referer\" value=\"\"><button type=\"submit\" name=\"wpforms[submit]\" id=\"wpforms-submit-6869\" class=\"wpforms-submit collaborate-button\" data-alt-text=\"Senden\" data-submit-text=\"Absenden\" aria-live=\"assertive\" value=\"wpforms-submit\">Absenden<\/button><\/div><\/form><\/div>  <!-- .wpforms-container -->[\/vc_column][vc_column width=&#8221;1\/6&#8243;][\/vc_column][\/vc_row][vc_row][vc_column][vc_empty_space height=&#8221;200px&#8221; el_class=&#8221;collapsable-space-bottom&#8221;][\/vc_column][\/vc_row]<\/p>\n<\/div>","protected":false},"excerpt":{"rendered":"<p>[vc_row][vc_column][rev_slider_vc alias=&#8221;ontwikkelen&#8221;][\/vc_column][\/vc_row][vc_row][vc_column width=&#8221;1\/6&#8243;][\/vc_column][vc_column css_animation=&#8221;fadeInUp&#8221; width=&#8221;2\/3&#8243; marginheader=&#8221;&#8221; paddingheader=&#8221;&#8221; lmarginheader=&#8221;&#8221; lpaddingheader=&#8221;&#8221; tmarginheader=&#8221;&#8221; tpaddingheader=&#8221;&#8221; mmarginheader=&#8221;&#8221; mpaddingheader=&#8221;&#8221; el_class=&#8221;large-sub-section&#8221;][vc_column_text el_class=&#8221;large-sub-section-text&#8221;]&#8230;<\/p>\n","protected":false},"author":1,"featured_media":0,"parent":0,"menu_order":2,"comment_status":"closed","ping_status":"closed","template":"","meta":{"_acf_changed":false,"footnotes":""},"class_list":["post-784","page","type-page","status-publish","hentry"],"acf":[],"yoast_head":"<!-- This site is optimized with the Yoast SEO plugin v26.6 - https:\/\/yoast.com\/wordpress\/plugins\/seo\/ -->\n<title>Dusart - Entwicklung von Gesundheitsprodukte f\u00fcr Eigenmarken<\/title>\n<meta name=\"description\" content=\"DuSart Pharma bv ist Ihr Hersteller f\u00fcr Handelsmarken von Tabletten, Kapseln, Kr\u00e4utertinkturen, Salben, Cremes und allen Fl\u00fcssigen Produkten\" \/>\n<meta name=\"robots\" content=\"index, follow, max-snippet:-1, max-image-preview:large, max-video-preview:-1\" \/>\n<link rel=\"canonical\" href=\"https:\/\/dusart.nl\/de\/entwicklung\/\" \/>\n<meta property=\"og:locale\" content=\"de_DE\" \/>\n<meta property=\"og:type\" content=\"article\" \/>\n<meta property=\"og:title\" content=\"Dusart - Entwicklung von Gesundheitsprodukte f\u00fcr Eigenmarken\" \/>\n<meta property=\"og:description\" content=\"DuSart Pharma bv ist Ihr Hersteller f\u00fcr Handelsmarken von Tabletten, Kapseln, Kr\u00e4utertinkturen, Salben, Cremes und allen Fl\u00fcssigen Produkten\" \/>\n<meta property=\"og:url\" content=\"https:\/\/dusart.nl\/de\/entwicklung\/\" \/>\n<meta property=\"og:site_name\" content=\"Dusart\" \/>\n<meta property=\"article:modified_time\" content=\"2024-10-18T10:35:45+00:00\" \/>\n<meta name=\"twitter:card\" content=\"summary_large_image\" \/>\n<meta name=\"twitter:label1\" content=\"Gesch\u00e4tzte Lesezeit\" \/>\n\t<meta name=\"twitter:data1\" content=\"3\u00a0Minuten\" \/>\n<script type=\"application\/ld+json\" class=\"yoast-schema-graph\">{\"@context\":\"https:\/\/schema.org\",\"@graph\":[{\"@type\":\"WebPage\",\"@id\":\"https:\/\/dusart.nl\/de\/entwicklung\/\",\"url\":\"https:\/\/dusart.nl\/de\/entwicklung\/\",\"name\":\"Dusart - Entwicklung von Gesundheitsprodukte f\u00fcr Eigenmarken\",\"isPartOf\":{\"@id\":\"https:\/\/www.dusartpharma.nl\/#website\"},\"datePublished\":\"2019-05-09T11:39:06+00:00\",\"dateModified\":\"2024-10-18T10:35:45+00:00\",\"description\":\"DuSart Pharma bv ist Ihr Hersteller f\u00fcr Handelsmarken von Tabletten, Kapseln, Kr\u00e4utertinkturen, Salben, Cremes und allen Fl\u00fcssigen Produkten\",\"breadcrumb\":{\"@id\":\"https:\/\/dusart.nl\/de\/entwicklung\/#breadcrumb\"},\"inLanguage\":\"de\",\"potentialAction\":[{\"@type\":\"ReadAction\",\"target\":[\"https:\/\/dusart.nl\/de\/entwicklung\/\"]}]},{\"@type\":\"BreadcrumbList\",\"@id\":\"https:\/\/dusart.nl\/de\/entwicklung\/#breadcrumb\",\"itemListElement\":[{\"@type\":\"ListItem\",\"position\":1,\"name\":\"Home\",\"item\":\"https:\/\/dusart.nl\/de\/\"},{\"@type\":\"ListItem\",\"position\":2,\"name\":\"entwicklung\"}]},{\"@type\":\"WebSite\",\"@id\":\"https:\/\/www.dusartpharma.nl\/#website\",\"url\":\"https:\/\/www.dusartpharma.nl\/\",\"name\":\"Dusart\",\"description\":\"Supporting Health Since 1954\",\"potentialAction\":[{\"@type\":\"SearchAction\",\"target\":{\"@type\":\"EntryPoint\",\"urlTemplate\":\"https:\/\/www.dusartpharma.nl\/?s={search_term_string}\"},\"query-input\":{\"@type\":\"PropertyValueSpecification\",\"valueRequired\":true,\"valueName\":\"search_term_string\"}}],\"inLanguage\":\"de\"}]}<\/script>\n<!-- \/ Yoast SEO plugin. -->","yoast_head_json":{"title":"Dusart - Entwicklung von Gesundheitsprodukte f\u00fcr Eigenmarken","description":"DuSart Pharma bv ist Ihr Hersteller f\u00fcr Handelsmarken von Tabletten, Kapseln, Kr\u00e4utertinkturen, Salben, Cremes und allen Fl\u00fcssigen Produkten","robots":{"index":"index","follow":"follow","max-snippet":"max-snippet:-1","max-image-preview":"max-image-preview:large","max-video-preview":"max-video-preview:-1"},"canonical":"https:\/\/dusart.nl\/de\/entwicklung\/","og_locale":"de_DE","og_type":"article","og_title":"Dusart - Entwicklung von Gesundheitsprodukte f\u00fcr Eigenmarken","og_description":"DuSart Pharma bv ist Ihr Hersteller f\u00fcr Handelsmarken von Tabletten, Kapseln, Kr\u00e4utertinkturen, Salben, Cremes und allen Fl\u00fcssigen Produkten","og_url":"https:\/\/dusart.nl\/de\/entwicklung\/","og_site_name":"Dusart","article_modified_time":"2024-10-18T10:35:45+00:00","twitter_card":"summary_large_image","twitter_misc":{"Gesch\u00e4tzte Lesezeit":"3\u00a0Minuten"},"schema":{"@context":"https:\/\/schema.org","@graph":[{"@type":"WebPage","@id":"https:\/\/dusart.nl\/de\/entwicklung\/","url":"https:\/\/dusart.nl\/de\/entwicklung\/","name":"Dusart - Entwicklung von Gesundheitsprodukte f\u00fcr Eigenmarken","isPartOf":{"@id":"https:\/\/www.dusartpharma.nl\/#website"},"datePublished":"2019-05-09T11:39:06+00:00","dateModified":"2024-10-18T10:35:45+00:00","description":"DuSart Pharma bv ist Ihr Hersteller f\u00fcr Handelsmarken von Tabletten, Kapseln, Kr\u00e4utertinkturen, Salben, Cremes und allen Fl\u00fcssigen Produkten","breadcrumb":{"@id":"https:\/\/dusart.nl\/de\/entwicklung\/#breadcrumb"},"inLanguage":"de","potentialAction":[{"@type":"ReadAction","target":["https:\/\/dusart.nl\/de\/entwicklung\/"]}]},{"@type":"BreadcrumbList","@id":"https:\/\/dusart.nl\/de\/entwicklung\/#breadcrumb","itemListElement":[{"@type":"ListItem","position":1,"name":"Home","item":"https:\/\/dusart.nl\/de\/"},{"@type":"ListItem","position":2,"name":"entwicklung"}]},{"@type":"WebSite","@id":"https:\/\/www.dusartpharma.nl\/#website","url":"https:\/\/www.dusartpharma.nl\/","name":"Dusart","description":"Supporting Health Since 1954","potentialAction":[{"@type":"SearchAction","target":{"@type":"EntryPoint","urlTemplate":"https:\/\/www.dusartpharma.nl\/?s={search_term_string}"},"query-input":{"@type":"PropertyValueSpecification","valueRequired":true,"valueName":"search_term_string"}}],"inLanguage":"de"}]}},"_links":{"self":[{"href":"https:\/\/dusart.nl\/de\/wp-json\/wp\/v2\/pages\/784","targetHints":{"allow":["GET"]}}],"collection":[{"href":"https:\/\/dusart.nl\/de\/wp-json\/wp\/v2\/pages"}],"about":[{"href":"https:\/\/dusart.nl\/de\/wp-json\/wp\/v2\/types\/page"}],"author":[{"embeddable":true,"href":"https:\/\/dusart.nl\/de\/wp-json\/wp\/v2\/users\/1"}],"replies":[{"embeddable":true,"href":"https:\/\/dusart.nl\/de\/wp-json\/wp\/v2\/comments?post=784"}],"version-history":[{"count":17,"href":"https:\/\/dusart.nl\/de\/wp-json\/wp\/v2\/pages\/784\/revisions"}],"predecessor-version":[{"id":6904,"href":"https:\/\/dusart.nl\/de\/wp-json\/wp\/v2\/pages\/784\/revisions\/6904"}],"wp:attachment":[{"href":"https:\/\/dusart.nl\/de\/wp-json\/wp\/v2\/media?parent=784"}],"curies":[{"name":"wp","href":"https:\/\/api.w.org\/{rel}","templated":true}]}}