  {"id":791,"date":"2019-05-09T12:53:18","date_gmt":"2019-05-09T11:53:18","guid":{"rendered":"https:\/\/dusart.nl\/verpackung\/"},"modified":"2025-02-27T12:01:06","modified_gmt":"2025-02-27T11:01:06","slug":"verpackung","status":"publish","type":"page","link":"https:\/\/dusart.nl\/de\/verpackung\/","title":{"rendered":"Verpackung"},"content":{"rendered":"<div class=\"wpb-content-wrapper\"><p>[vc_row][vc_column][rev_slider_vc alias=&#8221;verpakken&#8221;][\/vc_column][\/vc_row][vc_row mmarginbottom=&#8221;50px&#8221; marginheader=&#8221;&#8221; paddingheader=&#8221;&#8221; lmarginheader=&#8221;&#8221; lpaddingheader=&#8221;&#8221; tmarginheader=&#8221;&#8221; tpaddingheader=&#8221;&#8221; mmarginheader=&#8221;&#8221; mpaddingheader=&#8221;&#8221;][vc_column width=&#8221;1\/6&#8243;][\/vc_column][vc_column css_animation=&#8221;fadeInUp&#8221; width=&#8221;2\/3&#8243; marginheader=&#8221;&#8221; paddingheader=&#8221;&#8221; lmarginheader=&#8221;&#8221; lpaddingheader=&#8221;&#8221; tmarginheader=&#8221;&#8221; tpaddingheader=&#8221;&#8221; mmarginheader=&#8221;&#8221; mpaddingheader=&#8221;&#8221; el_class=&#8221;large-sub-section&#8221;][vc_column_text el_class=&#8221;large-sub-section-text&#8221;]<\/p>\n<h2 class=\"western\" lang=\"de-DE\"><span style=\"color: #212529;\"><b>Verpackung<\/b><\/span><\/h2>\n<p>Neben der Entwicklung und Herstellung Ihres Produktes nehmen wir Ihnen bei Bedarf auch gerne das komplette Verpackungsverfahren aus den H\u00e4nden. Sie haben die Wahl aus einem vielseitigen Sortiment an Verpackungen aller Art aus den unterschiedlichsten Materialien. Ob kleine oder gro\u00dfe Auflagen, alles ist m\u00f6glich. Immer passend zu Ihren W\u00fcnschen und Anforderungen.[\/vc_column_text][\/vc_column][vc_column width=&#8221;1\/6&#8243;][\/vc_column][\/vc_row][vc_row full_width=&#8221;stretch_row_content_no_spaces&#8221; marginheader=&#8221;&#8221; paddingheader=&#8221;&#8221; lmarginheader=&#8221;&#8221; lpaddingheader=&#8221;&#8221; tmarginheader=&#8221;&#8221; tpaddingheader=&#8221;&#8221; mmarginheader=&#8221;&#8221; mpaddingheader=&#8221;&#8221; css=&#8221;.vc_custom_1600175616970{background-image: url(https:\/\/dusart.nl\/wp-content\/uploads\/2020\/09\/Pilss-machine2.jpg?id=2327) !important;background-position: center !important;background-repeat: no-repeat !important;background-size: cover !important;}&#8221; el_class=&#8221;full-row-image&#8221;][vc_column][\/vc_column][\/vc_row][vc_row css_animation=&#8221;fadeIn&#8221; margintop=&#8221;120px&#8221; marginbottom=&#8221;50px&#8221; mmargintop=&#8221;70px&#8221; mmarginbottom=&#8221;0px&#8221; marginheader=&#8221;&#8221; paddingheader=&#8221;&#8221; lmarginheader=&#8221;&#8221; lpaddingheader=&#8221;&#8221; tmarginheader=&#8221;&#8221; tpaddingheader=&#8221;&#8221; mmarginheader=&#8221;&#8221; mpaddingheader=&#8221;&#8221;][vc_column width=&#8221;1\/6&#8243; marginheader=&#8221;&#8221; paddingheader=&#8221;&#8221; lmarginheader=&#8221;&#8221; lpaddingheader=&#8221;&#8221; tmarginheader=&#8221;&#8221; tpaddingheader=&#8221;&#8221; mmarginheader=&#8221;&#8221; mpaddingheader=&#8221;&#8221; offset=&#8221;vc_hidden-xs&#8221;][\/vc_column][vc_column width=&#8221;2\/3&#8243;][vc_row_inner equal_height=&#8221;yes&#8221;][vc_column_inner offset=&#8221;vc_col-lg-4 vc_col-md-6 vc_col-xs-12&#8243;]\n\t\t<div class=\"custom-round-image\">\n\t\t\t<div class=\"background-circle\">\n\t\t\t\t<div class=\"background-circle-shape\"><\/div>\n\t\t\t\t<img decoding=\"async\" class=\"package_image\" src=\"https:\/\/dusart.nl\/wp-content\/uploads\/2019\/01\/Blisters-doordrukstrips.png\"\/>\n\t\t\t<\/div>\n\t\t\t<div class=\"custom-round-image-text\">\t\t\n\t\t\t\t<h3>Blisterfolien &amp; Blisterpackungen<\/h3>\n\t\t\t<\/div>\n\t\t<\/div>\n\n\t\t[\/vc_column_inner][vc_column_inner offset=&#8221;vc_col-lg-4 vc_col-md-6 vc_col-xs-12&#8243;]\n\t\t<div class=\"custom-round-image\">\n\t\t\t<div class=\"background-circle\">\n\t\t\t\t<div class=\"background-circle-shape\"><\/div>\n\t\t\t\t<img decoding=\"async\" class=\"package_image\" src=\"https:\/\/dusart.nl\/wp-content\/uploads\/2019\/01\/Plastic-glazenpotten.png\"\/>\n\t\t\t<\/div>\n\t\t\t<div class=\"custom-round-image-text\">\t\t\n\t\t\t\t<h3>Kunststoff- &amp; Glast\u00f6pfe<\/h3>\n\t\t\t<\/div>\n\t\t<\/div>\n\n\t\t[\/vc_column_inner][vc_column_inner offset=&#8221;vc_col-lg-4 vc_col-md-6 vc_col-xs-12&#8243;]\n\t\t<div class=\"custom-round-image\">\n\t\t\t<div class=\"background-circle\">\n\t\t\t\t<div class=\"background-circle-shape\"><\/div>\n\t\t\t\t<img decoding=\"async\" class=\"package_image\" src=\"https:\/\/dusart.nl\/wp-content\/uploads\/2019\/01\/Flacons.png\"\/>\n\t\t\t<\/div>\n\t\t\t<div class=\"custom-round-image-text\">\t\t\n\t\t\t\t<h3>Flakons<\/h3>\n\t\t\t<\/div>\n\t\t<\/div>\n\n\t\t[\/vc_column_inner][vc_column_inner offset=&#8221;vc_col-lg-4 vc_col-md-6&#8243;]\n\t\t<div class=\"custom-round-image\">\n\t\t\t<div class=\"background-circle\">\n\t\t\t\t<div class=\"background-circle-shape\"><\/div>\n\t\t\t\t<img decoding=\"async\" class=\"package_image\" src=\"https:\/\/dusart.nl\/wp-content\/uploads\/2019\/01\/Tabletpotten-in-allerlei-formaten.png\"\/>\n\t\t\t<\/div>\n\t\t\t<div class=\"custom-round-image-text\">\t\t\n\t\t\t\t<h3>Tablettendosen<\/h3>\n\t\t\t<\/div>\n\t\t<\/div>\n\n\t\t[\/vc_column_inner][vc_column_inner offset=&#8221;vc_col-lg-4 vc_col-md-6&#8243;]\n\t\t<div class=\"custom-round-image\">\n\t\t\t<div class=\"background-circle\">\n\t\t\t\t<div class=\"background-circle-shape\"><\/div>\n\t\t\t\t<img decoding=\"async\" class=\"package_image\" src=\"https:\/\/dusart.nl\/wp-content\/uploads\/2019\/01\/Pipetflacons.png\"\/>\n\t\t\t<\/div>\n\t\t\t<div class=\"custom-round-image-text\">\t\t\n\t\t\t\t<h3>Pipettenflakons<\/h3>\n\t\t\t<\/div>\n\t\t<\/div>\n\n\t\t[\/vc_column_inner][vc_column_inner offset=&#8221;vc_col-lg-4 vc_col-md-6&#8243;]\n\t\t<div class=\"custom-round-image\">\n\t\t\t<div class=\"background-circle\">\n\t\t\t\t<div class=\"background-circle-shape\"><\/div>\n\t\t\t\t<img decoding=\"async\" class=\"package_image\" src=\"https:\/\/dusart.nl\/wp-content\/uploads\/2019\/01\/Sprayflacons.png\"\/>\n\t\t\t<\/div>\n\t\t\t<div class=\"custom-round-image-text\">\t\t\n\t\t\t\t<h3>Sprayflakons<\/h3>\n\t\t\t<\/div>\n\t\t<\/div>\n\n\t\t[\/vc_column_inner][vc_column_inner offset=&#8221;vc_col-lg-4 vc_col-md-6&#8243;]\n\t\t<div class=\"custom-round-image\">\n\t\t\t<div class=\"background-circle\">\n\t\t\t\t<div class=\"background-circle-shape\"><\/div>\n\t\t\t\t<img decoding=\"async\" class=\"package_image\" src=\"https:\/\/dusart.nl\/wp-content\/uploads\/2019\/01\/Etiketten.png\"\/>\n\t\t\t<\/div>\n\t\t\t<div class=\"custom-round-image-text\">\t\t\n\t\t\t\t<h3>Tuben<\/h3>\n\t\t\t<\/div>\n\t\t<\/div>\n\n\t\t[\/vc_column_inner][vc_column_inner offset=&#8221;vc_col-lg-4 vc_col-md-6&#8243;]\n\t\t<div class=\"custom-round-image\">\n\t\t\t<div class=\"background-circle\">\n\t\t\t\t<div class=\"background-circle-shape\"><\/div>\n\t\t\t\t<img decoding=\"async\" class=\"package_image\" src=\"https:\/\/dusart.nl\/wp-content\/uploads\/2019\/01\/Coderen.png\"\/>\n\t\t\t<\/div>\n\t\t\t<div class=\"custom-round-image-text\">\t\t\n\t\t\t\t<h3>Kodieren<\/h3>\n\t\t\t<\/div>\n\t\t<\/div>\n\n\t\t[\/vc_column_inner][vc_column_inner offset=&#8221;vc_col-lg-4 vc_col-md-6&#8243;]\n\t\t<div class=\"custom-round-image\">\n\t\t\t<div class=\"background-circle\">\n\t\t\t\t<div class=\"background-circle-shape\"><\/div>\n\t\t\t\t<img decoding=\"async\" class=\"package_image\" src=\"https:\/\/dusart.nl\/wp-content\/uploads\/2020\/09\/Winkeldisplays.png\"\/>\n\t\t\t<\/div>\n\t\t\t<div class=\"custom-round-image-text\">\t\t\n\t\t\t\t<h3>Ladendisplays<\/h3>\n\t\t\t<\/div>\n\t\t<\/div>\n\n\t\t[\/vc_column_inner][vc_column_inner offset=&#8221;vc_col-lg-4 vc_col-md-6&#8243;]\n\t\t<div class=\"custom-round-image\">\n\t\t\t<div class=\"background-circle\">\n\t\t\t\t<div class=\"background-circle-shape\"><\/div>\n\t\t\t\t<img decoding=\"async\" class=\"package_image\" src=\"https:\/\/dusart.nl\/wp-content\/uploads\/2019\/01\/Omdoosjes.png\"\/>\n\t\t\t<\/div>\n\t\t\t<div class=\"custom-round-image-text\">\t\t\n\t\t\t\t<h3>Umverpackungen<\/h3>\n\t\t\t<\/div>\n\t\t<\/div>\n\n\t\t[\/vc_column_inner][vc_column_inner offset=&#8221;vc_col-lg-4 vc_col-md-6&#8243;]\n\t\t<div class=\"custom-round-image\">\n\t\t\t<div class=\"background-circle\">\n\t\t\t\t<div class=\"background-circle-shape\"><\/div>\n\t\t\t\t<img decoding=\"async\" class=\"package_image\" src=\"https:\/\/dusart.nl\/wp-content\/uploads\/2019\/01\/Sleeves.png\"\/>\n\t\t\t<\/div>\n\t\t\t<div class=\"custom-round-image-text\">\t\t\n\t\t\t\t<h3>H\u00fcllen<\/h3>\n\t\t\t<\/div>\n\t\t<\/div>\n\n\t\t[\/vc_column_inner][vc_column_inner offset=&#8221;vc_col-lg-4 vc_col-md-6&#8243;]\n\t\t<div class=\"custom-round-image\">\n\t\t\t<div class=\"background-circle\">\n\t\t\t\t<div class=\"background-circle-shape\"><\/div>\n\t\t\t\t<img decoding=\"async\" class=\"package_image\" src=\"https:\/\/dusart.nl\/wp-content\/uploads\/2025\/02\/breekampul_verpakking.png\"\/>\n\t\t\t<\/div>\n\t\t\t<div class=\"custom-round-image-text\">\t\t\n\t\t\t\t<h3>Zerbrechende Ampulle<\/h3>\n\t\t\t<\/div>\n\t\t<\/div>\n\n\t\t[\/vc_column_inner][\/vc_row_inner][\/vc_column][vc_column width=&#8221;1\/6&#8243;][\/vc_column][\/vc_row][vc_row][vc_column][vc_empty_space height=&#8221;100px&#8221; el_class=&#8221;collapsable-space-top&#8221;][\/vc_column][\/vc_row][vc_row][vc_column width=&#8221;1\/6&#8243;][\/vc_column][vc_column css_animation=&#8221;bottom-to-top&#8221; width=&#8221;2\/3&#8243; marginheader=&#8221;&#8221; paddingheader=&#8221;&#8221; lmarginheader=&#8221;&#8221; lpaddingheader=&#8221;&#8221; tmarginheader=&#8221;&#8221; tpaddingheader=&#8221;&#8221; mmarginheader=&#8221;&#8221; mpaddingheader=&#8221;&#8221;][vc_column_text el_class=&#8221;form-header&#8221;]<\/p>\n<h3>Zusammen Ihr Produkt Entwerfen und produzieren? Sind Sie neugierig auf unsere Verpackungsm\u00f6glichkeiten? M\u00f6chten Sie mehr \u00fcber Nahrungserg\u00e4nzungsmittel erfahren? Kontaktieren Sie uns!<\/h3>\n<p>[\/vc_column_text]<div class=\"wpforms-container collaborate-form wpforms-render-modern\" id=\"wpforms-6869\"><form id=\"wpforms-form-6869\" class=\"wpforms-validate wpforms-form\" data-formid=\"6869\" method=\"post\" enctype=\"multipart\/form-data\" action=\"\/de\/wp-json\/wp\/v2\/pages\/791\" data-token=\"bff88f35cbb8e14be9a673af800057fe\" data-token-time=\"1776195652\"><noscript class=\"wpforms-error-noscript\">Bitte aktiviere JavaScript in deinem Browser, um dieses Formular fertigzustellen.<\/noscript><div id=\"wpforms-error-noscript\" style=\"display: none;\">Bitte aktiviere JavaScript in deinem Browser, um dieses Formular fertigzustellen.<\/div><div class=\"wpforms-field-container\"><div id=\"wpforms-6869-field_7-container\" class=\"wpforms-field wpforms-field-layout\" data-field-id=\"7\"><div class=\"wpforms-field-layout-rows wpforms-field-large\"><div class=\"wpforms-layout-row\"><div class=\"wpforms-layout-column wpforms-layout-column-50\"><div id=\"wpforms-6869-field_1-container\" class=\"wpforms-field wpforms-field-text\" data-field-id=\"1\"><label class=\"wpforms-field-label wpforms-label-hide\" for=\"wpforms-6869-field_1\" aria-hidden=\"false\">Vorname <span class=\"wpforms-required-label\" aria-hidden=\"true\">*<\/span><\/label><input type=\"text\" id=\"wpforms-6869-field_1\" class=\"wpforms-field-medium wpforms-field-required\" name=\"wpforms[fields][1]\" placeholder=\"Vorname\" aria-errormessage=\"wpforms-6869-field_1-error\" required><\/div><\/div><div class=\"wpforms-layout-column wpforms-layout-column-50\"><div id=\"wpforms-6869-field_2-container\" class=\"wpforms-field wpforms-field-text\" data-field-id=\"2\"><label class=\"wpforms-field-label wpforms-label-hide\" for=\"wpforms-6869-field_2\" aria-hidden=\"false\">Nachname <span class=\"wpforms-required-label\" aria-hidden=\"true\">*<\/span><\/label><input type=\"text\" id=\"wpforms-6869-field_2\" class=\"wpforms-field-medium wpforms-field-required\" name=\"wpforms[fields][2]\" placeholder=\"Nachname\" aria-errormessage=\"wpforms-6869-field_2-error\" required><\/div><\/div><\/div><div class=\"wpforms-layout-row\"><div class=\"wpforms-layout-column wpforms-layout-column-50\"><div id=\"wpforms-6869-field_3-container\" class=\"wpforms-field wpforms-field-email\" data-field-id=\"3\"><label class=\"wpforms-field-label wpforms-label-hide\" for=\"wpforms-6869-field_3\" aria-hidden=\"false\">E-Mail-Adresse <span class=\"wpforms-required-label\" aria-hidden=\"true\">*<\/span><\/label><input type=\"email\" id=\"wpforms-6869-field_3\" class=\"wpforms-field-medium wpforms-field-required\" name=\"wpforms[fields][3]\" placeholder=\"E-Mail-Adresse\" spellcheck=\"false\" aria-errormessage=\"wpforms-6869-field_3-error\" required><\/div><\/div><div class=\"wpforms-layout-column wpforms-layout-column-50\"><div id=\"wpforms-6869-field_4-container\" class=\"wpforms-field wpforms-field-phone\" data-field-id=\"4\"><label class=\"wpforms-field-label wpforms-label-hide\" for=\"wpforms-6869-field_4\" aria-hidden=\"false\">Telefonnummer <span class=\"wpforms-required-label\" aria-hidden=\"true\">*<\/span><\/label><input type=\"tel\" id=\"wpforms-6869-field_4\" class=\"wpforms-field-medium wpforms-field-required\" data-rule-int-phone-field=\"true\" name=\"wpforms[fields][4]\" placeholder=\"Telefonnummer\" aria-label=\"Telefonnummer\" aria-errormessage=\"wpforms-6869-field_4-error\" required><\/div><\/div><\/div><\/div><\/div><div id=\"wpforms-6869-field_5-container\" class=\"wpforms-field wpforms-field-textarea\" data-field-id=\"5\"><label class=\"wpforms-field-label wpforms-label-hide\" for=\"wpforms-6869-field_5\" aria-hidden=\"false\">Mitteilung<\/label><textarea id=\"wpforms-6869-field_5\" class=\"wpforms-field-medium\" name=\"wpforms[fields][5]\" placeholder=\"Mitteilung\" aria-errormessage=\"wpforms-6869-field_5-error\" ><\/textarea><\/div>\t\t<div id=\"wpforms-6869-field_8-container\"\n\t\t\tclass=\"wpforms-field wpforms-field-text\"\n\t\t\tdata-field-type=\"text\"\n\t\t\tdata-field-id=\"8\"\n\t\t\t>\n\t\t\t<label class=\"wpforms-field-label\" for=\"wpforms-6869-field_8\" >Acceptance E-Mail-Adresse Vorname<\/label>\n\t\t\t<input type=\"text\" id=\"wpforms-6869-field_8\" class=\"wpforms-field-medium\" name=\"wpforms[fields][8]\" >\n\t\t<\/div>\n\t\t<div id=\"wpforms-6869-field_6-container\" class=\"wpforms-field wpforms-field-checkbox collaborate-form\" data-field-id=\"6\"><fieldset><legend class=\"wpforms-field-label wpforms-label-hide\" aria-hidden=\"false\">Acceptance field <span class=\"wpforms-required-label\" aria-hidden=\"true\">*<\/span><\/legend><ul id=\"wpforms-6869-field_6\" class=\"wpforms-field-required\"><li class=\"choice-1 depth-1\"><input type=\"checkbox\" id=\"wpforms-6869-field_6_1\" name=\"wpforms[fields][6][]\" value=\"Ich bin mit den Bedingungen auf unserer &lt;a href=&quot;https:\/\/dusart.nl\/de\/datenschutz\/&quot;&gt;Datenschutzseite&lt;\/a&gt; einverstanden.\" aria-errormessage=\"wpforms-6869-field_6_1-error\" required ><label class=\"wpforms-field-label-inline\" for=\"wpforms-6869-field_6_1\">Ich bin mit den Bedingungen auf unserer <a href=\"https:\/\/dusart.nl\/de\/datenschutz\/\">Datenschutzseite<\/a> einverstanden.<\/label><\/li><\/ul><\/fieldset><\/div><div id=\"wpforms-6869-field_9-container\" class=\"wpforms-field wpforms-field-content recaptcha-text\" data-field-id=\"9\"><div id=\"wpforms-6869-field_9\" class=\"wpforms-field-large wpforms-field-row\" aria-errormessage=\"wpforms-6869-field_9-error\"><p>This site is protected by reCAPTCHA and the Google <a href=\"https:\/\/policies.google.com\/privacy\">Privacy Policy<\/a> and <a href=\"https:\/\/policies.google.com\/terms\">Terms of Service<\/a> apply.<\/p>\n<div class=\"wpforms-field-content-display-frontend-clear\"><\/div><\/div><\/div><script>\n\t\t\t\t( function() {\n\t\t\t\t\tconst style = document.createElement( 'style' );\n\t\t\t\t\tstyle.appendChild( document.createTextNode( '#wpforms-6869-field_8-container { position: absolute !important; overflow: hidden !important; display: inline !important; height: 1px !important; width: 1px !important; z-index: -1000 !important; padding: 0 !important; } #wpforms-6869-field_8-container input { visibility: hidden; } #wpforms-conversational-form-page #wpforms-6869-field_8-container label { counter-increment: none; }' ) );\n\t\t\t\t\tdocument.head.appendChild( style );\n\t\t\t\t\tdocument.currentScript?.remove();\n\t\t\t\t} )();\n\t\t\t<\/script><\/div><!-- .wpforms-field-container --><div class=\"wpforms-recaptcha-container wpforms-is-recaptcha wpforms-is-recaptcha-type-v3\" ><input type=\"hidden\" name=\"wpforms[recaptcha]\" value=\"\"><\/div><div class=\"wpforms-submit-container\" ><input type=\"hidden\" name=\"wpforms[id]\" value=\"6869\"><input type=\"hidden\" name=\"page_title\" value=\"\"><input type=\"hidden\" name=\"page_url\" value=\"https:\/\/dusart.nl\/de\/wp-json\/wp\/v2\/pages\/791\"><input type=\"hidden\" name=\"url_referer\" value=\"\"><button type=\"submit\" name=\"wpforms[submit]\" id=\"wpforms-submit-6869\" class=\"wpforms-submit collaborate-button\" data-alt-text=\"Senden\" data-submit-text=\"Absenden\" aria-live=\"assertive\" value=\"wpforms-submit\">Absenden<\/button><\/div><\/form><\/div>  <!-- .wpforms-container -->[\/vc_column][vc_column width=&#8221;1\/6&#8243;][\/vc_column][\/vc_row][vc_row][vc_column][vc_empty_space height=&#8221;200px&#8221; el_class=&#8221;collapsable-space-bottom&#8221;][\/vc_column][\/vc_row]<\/p>\n<\/div>","protected":false},"excerpt":{"rendered":"<p>[vc_row][vc_column][rev_slider_vc alias=&#8221;verpakken&#8221;][\/vc_column][\/vc_row][vc_row mmarginbottom=&#8221;50px&#8221; marginheader=&#8221;&#8221; paddingheader=&#8221;&#8221; lmarginheader=&#8221;&#8221; lpaddingheader=&#8221;&#8221; tmarginheader=&#8221;&#8221; tpaddingheader=&#8221;&#8221; mmarginheader=&#8221;&#8221; mpaddingheader=&#8221;&#8221;][vc_column width=&#8221;1\/6&#8243;][\/vc_column][vc_column css_animation=&#8221;fadeInUp&#8221; width=&#8221;2\/3&#8243; marginheader=&#8221;&#8221;&#8230;<\/p>\n","protected":false},"author":1,"featured_media":0,"parent":0,"menu_order":4,"comment_status":"closed","ping_status":"closed","template":"","meta":{"_acf_changed":false,"footnotes":""},"class_list":["post-791","page","type-page","status-publish","hentry"],"acf":[],"yoast_head":"<!-- This site is optimized with the Yoast SEO plugin v26.6 - https:\/\/yoast.com\/wordpress\/plugins\/seo\/ -->\n<title>Dusart Pharma - Verpackung von Nahrungserg\u00e4nzungsmittel und Gesundheitsprodukte<\/title>\n<meta name=\"description\" content=\"DuSart Pharma bv ist ein Experte f\u00fcr bewegte und ansprechende Verpackungen f\u00fcr alle m\u00f6glichen W\u00fcnsche Feste und Fl\u00fcssige Erzeugnisse.\" \/>\n<meta name=\"robots\" content=\"index, follow, max-snippet:-1, max-image-preview:large, max-video-preview:-1\" \/>\n<link rel=\"canonical\" href=\"https:\/\/dusart.nl\/de\/verpackung\/\" \/>\n<meta property=\"og:locale\" content=\"de_DE\" \/>\n<meta property=\"og:type\" content=\"article\" \/>\n<meta property=\"og:title\" content=\"Dusart Pharma - Verpackung von Nahrungserg\u00e4nzungsmittel und Gesundheitsprodukte\" \/>\n<meta property=\"og:description\" content=\"DuSart Pharma bv ist ein Experte f\u00fcr bewegte und ansprechende Verpackungen f\u00fcr alle m\u00f6glichen W\u00fcnsche Feste und Fl\u00fcssige Erzeugnisse.\" \/>\n<meta property=\"og:url\" content=\"https:\/\/dusart.nl\/de\/verpackung\/\" \/>\n<meta property=\"og:site_name\" content=\"Dusart\" \/>\n<meta property=\"article:modified_time\" content=\"2025-02-27T11:01:06+00:00\" \/>\n<meta name=\"twitter:card\" content=\"summary_large_image\" \/>\n<meta name=\"twitter:label1\" content=\"Gesch\u00e4tzte Lesezeit\" \/>\n\t<meta name=\"twitter:data1\" content=\"3\u00a0Minuten\" \/>\n<script type=\"application\/ld+json\" class=\"yoast-schema-graph\">{\"@context\":\"https:\/\/schema.org\",\"@graph\":[{\"@type\":\"WebPage\",\"@id\":\"https:\/\/dusart.nl\/de\/verpackung\/\",\"url\":\"https:\/\/dusart.nl\/de\/verpackung\/\",\"name\":\"Dusart Pharma - Verpackung von Nahrungserg\u00e4nzungsmittel und Gesundheitsprodukte\",\"isPartOf\":{\"@id\":\"https:\/\/www.dusartpharma.nl\/#website\"},\"datePublished\":\"2019-05-09T11:53:18+00:00\",\"dateModified\":\"2025-02-27T11:01:06+00:00\",\"description\":\"DuSart Pharma bv ist ein Experte f\u00fcr bewegte und ansprechende Verpackungen f\u00fcr alle m\u00f6glichen W\u00fcnsche Feste und Fl\u00fcssige Erzeugnisse.\",\"breadcrumb\":{\"@id\":\"https:\/\/dusart.nl\/de\/verpackung\/#breadcrumb\"},\"inLanguage\":\"de\",\"potentialAction\":[{\"@type\":\"ReadAction\",\"target\":[\"https:\/\/dusart.nl\/de\/verpackung\/\"]}]},{\"@type\":\"BreadcrumbList\",\"@id\":\"https:\/\/dusart.nl\/de\/verpackung\/#breadcrumb\",\"itemListElement\":[{\"@type\":\"ListItem\",\"position\":1,\"name\":\"Home\",\"item\":\"https:\/\/dusart.nl\/de\/\"},{\"@type\":\"ListItem\",\"position\":2,\"name\":\"Verpackung\"}]},{\"@type\":\"WebSite\",\"@id\":\"https:\/\/www.dusartpharma.nl\/#website\",\"url\":\"https:\/\/www.dusartpharma.nl\/\",\"name\":\"Dusart\",\"description\":\"Supporting Health Since 1954\",\"potentialAction\":[{\"@type\":\"SearchAction\",\"target\":{\"@type\":\"EntryPoint\",\"urlTemplate\":\"https:\/\/www.dusartpharma.nl\/?s={search_term_string}\"},\"query-input\":{\"@type\":\"PropertyValueSpecification\",\"valueRequired\":true,\"valueName\":\"search_term_string\"}}],\"inLanguage\":\"de\"}]}<\/script>\n<!-- \/ Yoast SEO plugin. -->","yoast_head_json":{"title":"Dusart Pharma - Verpackung von Nahrungserg\u00e4nzungsmittel und Gesundheitsprodukte","description":"DuSart Pharma bv ist ein Experte f\u00fcr bewegte und ansprechende Verpackungen f\u00fcr alle m\u00f6glichen W\u00fcnsche Feste und Fl\u00fcssige Erzeugnisse.","robots":{"index":"index","follow":"follow","max-snippet":"max-snippet:-1","max-image-preview":"max-image-preview:large","max-video-preview":"max-video-preview:-1"},"canonical":"https:\/\/dusart.nl\/de\/verpackung\/","og_locale":"de_DE","og_type":"article","og_title":"Dusart Pharma - Verpackung von Nahrungserg\u00e4nzungsmittel und Gesundheitsprodukte","og_description":"DuSart Pharma bv ist ein Experte f\u00fcr bewegte und ansprechende Verpackungen f\u00fcr alle m\u00f6glichen W\u00fcnsche Feste und Fl\u00fcssige Erzeugnisse.","og_url":"https:\/\/dusart.nl\/de\/verpackung\/","og_site_name":"Dusart","article_modified_time":"2025-02-27T11:01:06+00:00","twitter_card":"summary_large_image","twitter_misc":{"Gesch\u00e4tzte Lesezeit":"3\u00a0Minuten"},"schema":{"@context":"https:\/\/schema.org","@graph":[{"@type":"WebPage","@id":"https:\/\/dusart.nl\/de\/verpackung\/","url":"https:\/\/dusart.nl\/de\/verpackung\/","name":"Dusart Pharma - Verpackung von Nahrungserg\u00e4nzungsmittel und Gesundheitsprodukte","isPartOf":{"@id":"https:\/\/www.dusartpharma.nl\/#website"},"datePublished":"2019-05-09T11:53:18+00:00","dateModified":"2025-02-27T11:01:06+00:00","description":"DuSart Pharma bv ist ein Experte f\u00fcr bewegte und ansprechende Verpackungen f\u00fcr alle m\u00f6glichen W\u00fcnsche Feste und Fl\u00fcssige Erzeugnisse.","breadcrumb":{"@id":"https:\/\/dusart.nl\/de\/verpackung\/#breadcrumb"},"inLanguage":"de","potentialAction":[{"@type":"ReadAction","target":["https:\/\/dusart.nl\/de\/verpackung\/"]}]},{"@type":"BreadcrumbList","@id":"https:\/\/dusart.nl\/de\/verpackung\/#breadcrumb","itemListElement":[{"@type":"ListItem","position":1,"name":"Home","item":"https:\/\/dusart.nl\/de\/"},{"@type":"ListItem","position":2,"name":"Verpackung"}]},{"@type":"WebSite","@id":"https:\/\/www.dusartpharma.nl\/#website","url":"https:\/\/www.dusartpharma.nl\/","name":"Dusart","description":"Supporting Health Since 1954","potentialAction":[{"@type":"SearchAction","target":{"@type":"EntryPoint","urlTemplate":"https:\/\/www.dusartpharma.nl\/?s={search_term_string}"},"query-input":{"@type":"PropertyValueSpecification","valueRequired":true,"valueName":"search_term_string"}}],"inLanguage":"de"}]}},"_links":{"self":[{"href":"https:\/\/dusart.nl\/de\/wp-json\/wp\/v2\/pages\/791","targetHints":{"allow":["GET"]}}],"collection":[{"href":"https:\/\/dusart.nl\/de\/wp-json\/wp\/v2\/pages"}],"about":[{"href":"https:\/\/dusart.nl\/de\/wp-json\/wp\/v2\/types\/page"}],"author":[{"embeddable":true,"href":"https:\/\/dusart.nl\/de\/wp-json\/wp\/v2\/users\/1"}],"replies":[{"embeddable":true,"href":"https:\/\/dusart.nl\/de\/wp-json\/wp\/v2\/comments?post=791"}],"version-history":[{"count":14,"href":"https:\/\/dusart.nl\/de\/wp-json\/wp\/v2\/pages\/791\/revisions"}],"predecessor-version":[{"id":7026,"href":"https:\/\/dusart.nl\/de\/wp-json\/wp\/v2\/pages\/791\/revisions\/7026"}],"wp:attachment":[{"href":"https:\/\/dusart.nl\/de\/wp-json\/wp\/v2\/media?parent=791"}],"curies":[{"name":"wp","href":"https:\/\/api.w.org\/{rel}","templated":true}]}}