  {"id":793,"date":"2019-05-09T12:58:07","date_gmt":"2019-05-09T11:58:07","guid":{"rendered":"https:\/\/dusart.nl\/qualitat\/"},"modified":"2026-04-15T16:32:57","modified_gmt":"2026-04-15T14:32:57","slug":"qualitat","status":"publish","type":"page","link":"https:\/\/dusart.nl\/de\/qualitat\/","title":{"rendered":"Qualit\u00e4t"},"content":{"rendered":"<div class=\"wpb-content-wrapper\"><p>[vc_row][vc_column][rev_slider_vc alias=&#8221;kwaliteit&#8221;][\/vc_column][\/vc_row][vc_row][vc_column width=&#8221;1\/6&#8243;][\/vc_column][vc_column css_animation=&#8221;fadeInUp&#8221; width=&#8221;2\/3&#8243; marginheader=&#8221;&#8221; paddingheader=&#8221;&#8221; lmarginheader=&#8221;&#8221; lpaddingheader=&#8221;&#8221; tmarginheader=&#8221;&#8221; tpaddingheader=&#8221;&#8221; mmarginheader=&#8221;&#8221; mpaddingheader=&#8221;&#8221; el_class=&#8221;large-sub-section&#8221;][vc_column_text el_class=&#8221;large-sub-section-text&#8221;]<\/p>\n<h2>Qualit\u00e4t<\/h2>\n<p>Wir sind uns zutiefst bewusst, dass die Kontrollen seitens der Beh\u00f6rden eine \u00e4u\u00dferst sorgf\u00e4ltige Herangehensweise und umfassende Kenntnisse erfordern. Darum ist unser gesamtes Produktionsverfahren nach den h\u00f6chsten Standards und strengsten Qualit\u00e4tsanforderungen eingerichtet.[\/vc_column_text][\/vc_column][vc_column width=&#8221;1\/6&#8243;][\/vc_column][\/vc_row][vc_row][vc_column width=&#8221;1\/6&#8243;][\/vc_column][vc_column width=&#8221;2\/3&#8243;][vc_row_inner equal_height=&#8221;yes&#8221;][vc_column_inner el_class=&#8221;quality-col&#8221; width=&#8221;1\/2&#8243; css=&#8221;.vc_custom_1548761783435{margin-bottom: 25px !important;}&#8221;][vc_column_text css_animation=&#8221;fadeInUp&#8221;]<\/p>\n<h3>Die Qualit\u00e4t hat bei uns immer h\u00f6chste Priorit\u00e4t<\/h3>\n<p>Wir sind uns zutiefst bewusst, dass die Kontrollen seitens der Beh\u00f6rden eine \u00e4u\u00dferst sorgf\u00e4ltige Herangehensweise und umfassende Kenntnisse erfordern. Darum ist unser gesamtes Produktionsverfahren nach den h\u00f6chsten Standards und strengsten Qualit\u00e4tsanforderungen eingerichtet.[\/vc_column_text][\/vc_column_inner][vc_column_inner el_class=&#8221;quality-col&#8221; width=&#8221;1\/2&#8243; css=&#8221;.vc_custom_1548761798433{margin-bottom: 25px !important;}&#8221;][vc_column_text css_animation=&#8221;fadeInUp&#8221;]<\/p>\n<h3>Etiketten mit Aufdruck und das Warengesetz<\/h3>\n<p>Bei Bedarf unterst\u00fctzen wir Sie auch gerne bei der Entstehung von Verpackungsaufschriften. Dabei werden alle in den Niederlanden geltenden Normen ber\u00fccksichtigt, um auch die Auflagen der niederl\u00e4ndischen Beh\u00f6rde f\u00fcr Lebensmittel- und Produktsicherheit (NVWA) zu erf\u00fcllen.[\/vc_column_text][\/vc_column_inner][\/vc_row_inner][\/vc_column][vc_column width=&#8221;1\/6&#8243;][\/vc_column][\/vc_row][vc_row][vc_column width=&#8221;1\/6&#8243;][\/vc_column][vc_column width=&#8221;2\/3&#8243;][vc_row_inner equal_height=&#8221;yes&#8221;][vc_column_inner el_class=&#8221;quality-col&#8221; width=&#8221;1\/2&#8243; css=&#8221;.vc_custom_1548761810353{margin-bottom: 25px !important;}&#8221;][vc_column_text css_animation=&#8221;fadeInUp&#8221;]<\/p>\n<h3>Qualit\u00e4t gew\u00e4hrleisten<\/h3>\n<p>Die Produkte werden in jeder Phase des Herstellungsverfahrens in unserem eigenen Labor umfassend getestet. Wir arbeiten in einer ausgesprochen hygienischen Umgebung. Rohstoffe werden erst nach Ablauf einer Quarant\u00e4nezeit und ausf\u00fchrlichen Tests in die Produktion eingeleitet. Unsere Maschinen sind auf das Messen, Wiegen und Erkennen der korrekten Basiswerte eingestellt, sodass jede Tablette, Kapsel und jeder Flakon gem\u00e4\u00df den vorgegebenen Normen hergestellt und abgef\u00fcllt wird. Zu guter Letzt ist jeder achte Mitarbeiter in unserem Team ein zertifizierter Qualit\u00e4tsmitarbeiter. Nur so k\u00f6nnen wir die Sicherheit und Wirksamkeit der von uns hergestellten Produkte gew\u00e4hrleisten.[\/vc_column_text][\/vc_column_inner][vc_column_inner el_class=&#8221;quality-col&#8221; width=&#8221;1\/2&#8243; css=&#8221;.vc_custom_1548761814501{margin-bottom: 25px !important;}&#8221;][vc_column_text css_animation=&#8221;fadeInUp&#8221;]<\/p>\n<h3>Erfahrung im internationalen Handel<\/h3>\n<p>DuSart Pharma hat umfassende Erfahrungen auf dem Gebiet der internationalen Produktion und Lieferung (semi-) medizinischer Produkte. Unsere Zertifizierungen sind darum immer auf dem neuesten Stand, denn wir sind fortlaufend \u00fcber \u00c4nderungen und Neuerungen informiert. Das gilt insbesondere auf dem Gebiet der Gesetzgebung. Wenn Sie Fragen \u00fcber die vorgeschriebenen Zertifikate und Qualit\u00e4tsanforderungen haben, die in dem Land zu ber\u00fccksichtigen sind, mit dem Sie Handel treiben m\u00f6chten, nehmen Sie einfach Kontakt zu uns auf. Wir k\u00f6nnen Sie mit Sicherheit umfassend beraten.[\/vc_column_text][\/vc_column_inner][\/vc_row_inner][\/vc_column][vc_column width=&#8221;1\/6&#8243;][\/vc_column][\/vc_row][vc_row][vc_column width=&#8221;1\/6&#8243;][\/vc_column][vc_column width=&#8221;2\/3&#8243;][vc_row_inner][vc_column_inner el_class=&#8221;quality-col&#8221; width=&#8221;1\/2&#8243; css=&#8221;.vc_custom_1581985693695{margin-bottom: 25px !important;}&#8221; el_id=&#8221;certificering&#8221;][vc_column_text css_animation=&#8221;fadeInUp&#8221; css=&#8221;&#8221;]<\/p>\n<h3>Zertifizierung<\/h3>\n<p>Dank unserer Vorgehensweise verf\u00fcgen wir \u00fcber alle einschl\u00e4gigen international anerkannten Zertifikate wie unter anderem GMP, FSSC 22000, ISO 13485 und SKAL. Daneben ist die Herstellung FDA-konform und sind wir f\u00fcr den Export nach Kanada im Besitz einer offiziellen Standortlizenz.<\/p>\n<p>Download <strong>\u00a0<a href=\"https:\/\/dusart.nl\/wp-content\/uploads\/2025\/07\/FSSC_22000_Food-ENG-C604701-10-20250421.pdf\">FSSC22000 Zertifikat<\/a><\/strong>.<br \/>Download\u00a0 <strong><a href=\"https:\/\/dusart.nl\/wp-content\/uploads\/2025\/07\/NL-BIO-01.528-0003118.2025.001.pdf\">Skal Zertifikat<\/a><\/strong>.[\/vc_column_text][\/vc_column_inner][vc_column_inner width=&#8221;1\/2&#8243;][vc_column_text css=&#8221;&#8221;]<\/p>\n<p>Download het<strong> <a href=\"https:\/\/dusart.nl\/wp-content\/uploads\/2025\/07\/FSSC_22000_Food-ENG-C604701-10-20250421.pdf\">FSSC22000 certificaat<\/a><\/strong>.<br \/>\nDownload het <strong><a href=\"https:\/\/dusart.nl\/wp-content\/uploads\/2025\/07\/NL-BIO-01.528-0003118.2025.001.pdf\">Skal certificaat<\/a><\/strong>.[\/vc_column_text][\/vc_column_inner][\/vc_row_inner][\/vc_column][vc_column width=&#8221;1\/6&#8243;][\/vc_column][\/vc_row][vc_row][vc_column width=&#8221;1\/6&#8243; marginheader=&#8221;&#8221; paddingheader=&#8221;&#8221; lmarginheader=&#8221;&#8221; lpaddingheader=&#8221;&#8221; tmarginheader=&#8221;&#8221; tpaddingheader=&#8221;&#8221; mmarginheader=&#8221;&#8221; mpaddingheader=&#8221;&#8221;][\/vc_column][vc_column css_animation=&#8221;fadeIn&#8221; width=&#8221;2\/3&#8243; marginheader=&#8221;&#8221; paddingheader=&#8221;&#8221; lmarginheader=&#8221;&#8221; lpaddingheader=&#8221;&#8221; tmarginheader=&#8221;&#8221; tpaddingheader=&#8221;&#8221; mmarginheader=&#8221;&#8221; mpaddingheader=&#8221;&#8221;]\n\t\t<div class=\"custom-image-gallery\" id=\"gallery\">\n\t\t\t\t\t\t\t\t\t\t\t<div class=\"image-container\">\n\t\t\t\t\t<img decoding=\"async\" src=\"https:\/\/dusart.nl\/wp-content\/uploads\/2023\/04\/Lid-van-NPN-versie-1_Grijs.jpg\" \/>\n\t\t\t\t<\/div>\n\t\t\t\t\t\t\t\t\t\t\t<div class=\"image-container\">\n\t\t\t\t\t<img decoding=\"async\" src=\"https:\/\/dusart.nl\/wp-content\/uploads\/2025\/04\/logo-fssc-bw.png\" \/>\n\t\t\t\t<\/div>\n\t\t\t\t\t\t\t\t\t\t\t<div class=\"image-container\">\n\t\t\t\t\t<img decoding=\"async\" src=\"https:\/\/dusart.nl\/wp-content\/uploads\/2019\/01\/05-Certificering.png\" \/>\n\t\t\t\t<\/div>\n\t\t\t\t\t\t\t\t\t\t\t<div class=\"image-container\">\n\t\t\t\t\t<img decoding=\"async\" src=\"https:\/\/dusart.nl\/wp-content\/uploads\/2019\/01\/04-Certificering.png\" \/>\n\t\t\t\t<\/div>\n\t\t\t\t\t\t\t\t\t\t\t<div class=\"image-container\">\n\t\t\t\t\t<img decoding=\"async\" src=\"https:\/\/dusart.nl\/wp-content\/uploads\/2019\/01\/02-Certificering.png\" \/>\n\t\t\t\t<\/div>\n\t\t\t\t\t<\/div>\n\t\t\n[\/vc_column][vc_column width=&#8221;1\/6&#8243; marginheader=&#8221;&#8221; paddingheader=&#8221;&#8221; lmarginheader=&#8221;&#8221; lpaddingheader=&#8221;&#8221; tmarginheader=&#8221;&#8221; tpaddingheader=&#8221;&#8221; mmarginheader=&#8221;&#8221; mpaddingheader=&#8221;&#8221;][\/vc_column][\/vc_row][vc_row mmargintop=&#8221;50px&#8221; marginheader=&#8221;&#8221; paddingheader=&#8221;&#8221; lmarginheader=&#8221;&#8221; lpaddingheader=&#8221;&#8221; tmarginheader=&#8221;&#8221; tpaddingheader=&#8221;&#8221; mmarginheader=&#8221;&#8221; mpaddingheader=&#8221;&#8221;][vc_column width=&#8221;1\/6&#8243;][\/vc_column][vc_column css_animation=&#8221;bottom-to-top&#8221; width=&#8221;2\/3&#8243; marginheader=&#8221;&#8221; paddingheader=&#8221;&#8221; lmarginheader=&#8221;&#8221; lpaddingheader=&#8221;&#8221; tmarginheader=&#8221;&#8221; tpaddingheader=&#8221;&#8221; mmarginheader=&#8221;&#8221; mpaddingheader=&#8221;&#8221;][vc_column_text el_class=&#8221;form-header&#8221;]<\/p>\n<h3>Zusammen Ihr Produkt Entwerfen und produzieren? Sind Sie neugierig auf unsere Verpackungsm\u00f6glichkeiten? M\u00f6chten Sie mehr \u00fcber Nahrungserg\u00e4nzungsmittel erfahren? Kontaktieren Sie uns!<\/h3>\n<p>\n[\/vc_column_text]<div class=\"wpforms-container collaborate-form wpforms-render-modern\" id=\"wpforms-6869\"><form id=\"wpforms-form-6869\" class=\"wpforms-validate wpforms-form\" data-formid=\"6869\" method=\"post\" enctype=\"multipart\/form-data\" action=\"\/de\/wp-json\/wp\/v2\/pages\/793\" data-token=\"ed178957fe7a38417ded742307e47539\" data-token-time=\"1776318307\"><noscript class=\"wpforms-error-noscript\">Bitte aktiviere JavaScript in deinem Browser, um dieses Formular fertigzustellen.<\/noscript><div id=\"wpforms-error-noscript\" style=\"display: none;\">Bitte aktiviere JavaScript in deinem Browser, um dieses Formular fertigzustellen.<\/div><div class=\"wpforms-field-container\"><div id=\"wpforms-6869-field_7-container\" class=\"wpforms-field wpforms-field-layout\" data-field-id=\"7\"><div class=\"wpforms-field-layout-rows wpforms-field-large\"><div class=\"wpforms-layout-row\"><div class=\"wpforms-layout-column wpforms-layout-column-50\"><div id=\"wpforms-6869-field_1-container\" class=\"wpforms-field wpforms-field-text\" data-field-id=\"1\"><label class=\"wpforms-field-label wpforms-label-hide\" for=\"wpforms-6869-field_1\" aria-hidden=\"false\">Vorname <span class=\"wpforms-required-label\" aria-hidden=\"true\">*<\/span><\/label><input type=\"text\" id=\"wpforms-6869-field_1\" class=\"wpforms-field-medium wpforms-field-required\" name=\"wpforms[fields][1]\" placeholder=\"Vorname\" aria-errormessage=\"wpforms-6869-field_1-error\" required><\/div><\/div><div class=\"wpforms-layout-column wpforms-layout-column-50\"><div id=\"wpforms-6869-field_2-container\" class=\"wpforms-field wpforms-field-text\" data-field-id=\"2\"><label class=\"wpforms-field-label wpforms-label-hide\" for=\"wpforms-6869-field_2\" aria-hidden=\"false\">Nachname <span class=\"wpforms-required-label\" aria-hidden=\"true\">*<\/span><\/label><input type=\"text\" id=\"wpforms-6869-field_2\" class=\"wpforms-field-medium wpforms-field-required\" name=\"wpforms[fields][2]\" placeholder=\"Nachname\" aria-errormessage=\"wpforms-6869-field_2-error\" required><\/div><\/div><\/div><div class=\"wpforms-layout-row\"><div class=\"wpforms-layout-column wpforms-layout-column-50\"><div id=\"wpforms-6869-field_3-container\" class=\"wpforms-field wpforms-field-email\" data-field-id=\"3\"><label class=\"wpforms-field-label wpforms-label-hide\" for=\"wpforms-6869-field_3\" aria-hidden=\"false\">E-Mail-Adresse <span class=\"wpforms-required-label\" aria-hidden=\"true\">*<\/span><\/label><input type=\"email\" id=\"wpforms-6869-field_3\" class=\"wpforms-field-medium wpforms-field-required\" name=\"wpforms[fields][3]\" placeholder=\"E-Mail-Adresse\" spellcheck=\"false\" aria-errormessage=\"wpforms-6869-field_3-error\" required><\/div><\/div><div class=\"wpforms-layout-column wpforms-layout-column-50\"><div id=\"wpforms-6869-field_4-container\" class=\"wpforms-field wpforms-field-phone\" data-field-id=\"4\"><label class=\"wpforms-field-label wpforms-label-hide\" for=\"wpforms-6869-field_4\" aria-hidden=\"false\">Telefonnummer <span class=\"wpforms-required-label\" aria-hidden=\"true\">*<\/span><\/label><input type=\"tel\" id=\"wpforms-6869-field_4\" class=\"wpforms-field-medium wpforms-field-required\" data-rule-int-phone-field=\"true\" name=\"wpforms[fields][4]\" placeholder=\"Telefonnummer\" aria-label=\"Telefonnummer\" aria-errormessage=\"wpforms-6869-field_4-error\" required><\/div><\/div><\/div><\/div><\/div>\t\t<div id=\"wpforms-6869-field_8-container\"\n\t\t\tclass=\"wpforms-field wpforms-field-text\"\n\t\t\tdata-field-type=\"text\"\n\t\t\tdata-field-id=\"8\"\n\t\t\t>\n\t\t\t<label class=\"wpforms-field-label\" for=\"wpforms-6869-field_8\" >Layout Vorname field<\/label>\n\t\t\t<input type=\"text\" id=\"wpforms-6869-field_8\" class=\"wpforms-field-medium\" name=\"wpforms[fields][8]\" >\n\t\t<\/div>\n\t\t<div id=\"wpforms-6869-field_5-container\" class=\"wpforms-field wpforms-field-textarea\" data-field-id=\"5\"><label class=\"wpforms-field-label wpforms-label-hide\" for=\"wpforms-6869-field_5\" aria-hidden=\"false\">Mitteilung<\/label><textarea id=\"wpforms-6869-field_5\" class=\"wpforms-field-medium\" name=\"wpforms[fields][5]\" placeholder=\"Mitteilung\" aria-errormessage=\"wpforms-6869-field_5-error\" ><\/textarea><\/div><div id=\"wpforms-6869-field_6-container\" class=\"wpforms-field wpforms-field-checkbox collaborate-form\" data-field-id=\"6\"><fieldset><legend class=\"wpforms-field-label wpforms-label-hide\" aria-hidden=\"false\">Acceptance field <span class=\"wpforms-required-label\" aria-hidden=\"true\">*<\/span><\/legend><ul id=\"wpforms-6869-field_6\" class=\"wpforms-field-required\"><li class=\"choice-1 depth-1\"><input type=\"checkbox\" id=\"wpforms-6869-field_6_1\" name=\"wpforms[fields][6][]\" value=\"Ich bin mit den Bedingungen auf unserer &lt;a href=&quot;https:\/\/dusart.nl\/de\/datenschutz\/&quot;&gt;Datenschutzseite&lt;\/a&gt; einverstanden.\" aria-errormessage=\"wpforms-6869-field_6_1-error\" required ><label class=\"wpforms-field-label-inline\" for=\"wpforms-6869-field_6_1\">Ich bin mit den Bedingungen auf unserer <a href=\"https:\/\/dusart.nl\/de\/datenschutz\/\">Datenschutzseite<\/a> einverstanden.<\/label><\/li><\/ul><\/fieldset><\/div><div id=\"wpforms-6869-field_9-container\" class=\"wpforms-field wpforms-field-content recaptcha-text\" data-field-id=\"9\"><div id=\"wpforms-6869-field_9\" class=\"wpforms-field-large wpforms-field-row\" aria-errormessage=\"wpforms-6869-field_9-error\"><p>This site is protected by reCAPTCHA and the Google <a href=\"https:\/\/policies.google.com\/privacy\">Privacy Policy<\/a> and <a href=\"https:\/\/policies.google.com\/terms\">Terms of Service<\/a> apply.<\/p>\n<div class=\"wpforms-field-content-display-frontend-clear\"><\/div><\/div><\/div><script>\n\t\t\t\t( function() {\n\t\t\t\t\tconst style = document.createElement( 'style' );\n\t\t\t\t\tstyle.appendChild( document.createTextNode( '#wpforms-6869-field_8-container { position: absolute !important; overflow: hidden !important; display: inline !important; height: 1px !important; width: 1px !important; z-index: -1000 !important; padding: 0 !important; } #wpforms-6869-field_8-container input { visibility: hidden; } #wpforms-conversational-form-page #wpforms-6869-field_8-container label { counter-increment: none; }' ) );\n\t\t\t\t\tdocument.head.appendChild( style );\n\t\t\t\t\tdocument.currentScript?.remove();\n\t\t\t\t} )();\n\t\t\t<\/script><\/div><!-- .wpforms-field-container --><div class=\"wpforms-recaptcha-container wpforms-is-recaptcha wpforms-is-recaptcha-type-v3\" ><input type=\"hidden\" name=\"wpforms[recaptcha]\" value=\"\"><\/div><div class=\"wpforms-submit-container\" ><input type=\"hidden\" name=\"wpforms[id]\" value=\"6869\"><input type=\"hidden\" name=\"page_title\" value=\"\"><input type=\"hidden\" name=\"page_url\" value=\"https:\/\/dusart.nl\/de\/wp-json\/wp\/v2\/pages\/793\"><input type=\"hidden\" name=\"url_referer\" value=\"\"><button type=\"submit\" name=\"wpforms[submit]\" id=\"wpforms-submit-6869\" class=\"wpforms-submit collaborate-button\" data-alt-text=\"Senden\" data-submit-text=\"Absenden\" aria-live=\"assertive\" value=\"wpforms-submit\">Absenden<\/button><\/div><\/form><\/div>  <!-- .wpforms-container -->[\/vc_column][vc_column width=&#8221;1\/6&#8243;][\/vc_column][\/vc_row][vc_row][vc_column][vc_empty_space height=&#8221;200px&#8221; el_class=&#8221;collapsable-space-bottom&#8221;][\/vc_column][\/vc_row]<\/p>\n<\/div>","protected":false},"excerpt":{"rendered":"<p>[vc_row][vc_column][rev_slider_vc alias=&#8221;kwaliteit&#8221;][\/vc_column][\/vc_row][vc_row][vc_column width=&#8221;1\/6&#8243;][\/vc_column][vc_column css_animation=&#8221;fadeInUp&#8221; width=&#8221;2\/3&#8243; marginheader=&#8221;&#8221; paddingheader=&#8221;&#8221; lmarginheader=&#8221;&#8221; lpaddingheader=&#8221;&#8221; tmarginheader=&#8221;&#8221; tpaddingheader=&#8221;&#8221; mmarginheader=&#8221;&#8221; mpaddingheader=&#8221;&#8221; el_class=&#8221;large-sub-section&#8221;][vc_column_text el_class=&#8221;large-sub-section-text&#8221;]&#8230;<\/p>\n","protected":false},"author":1,"featured_media":0,"parent":0,"menu_order":5,"comment_status":"closed","ping_status":"closed","template":"","meta":{"_acf_changed":false,"footnotes":""},"class_list":["post-793","page","type-page","status-publish","hentry"],"acf":[],"yoast_head":"<!-- This site is optimized with the Yoast SEO plugin v26.6 - https:\/\/yoast.com\/wordpress\/plugins\/seo\/ -->\n<title>Dusart | Qualit\u00e4t ist unsere h\u00f6chste Priorit\u00e4t<\/title>\n<meta name=\"description\" content=\"DuSart Pharma bv liefert Qualit\u00e4t f\u00fcr alle Ihre privaten Etiketten von Tabletten, Kapseln, Kr\u00e4utertinkturen, Salben, Cremes und allen Fl\u00fcssigen Produkten\" \/>\n<meta name=\"robots\" content=\"index, follow, max-snippet:-1, max-image-preview:large, max-video-preview:-1\" \/>\n<link rel=\"canonical\" href=\"https:\/\/dusart.nl\/de\/qualitat\/\" \/>\n<meta property=\"og:locale\" content=\"de_DE\" \/>\n<meta property=\"og:type\" content=\"article\" \/>\n<meta property=\"og:title\" content=\"Dusart | Qualit\u00e4t ist unsere h\u00f6chste Priorit\u00e4t\" \/>\n<meta property=\"og:description\" content=\"DuSart Pharma bv liefert Qualit\u00e4t f\u00fcr alle Ihre privaten Etiketten von Tabletten, Kapseln, Kr\u00e4utertinkturen, Salben, Cremes und allen Fl\u00fcssigen Produkten\" \/>\n<meta property=\"og:url\" content=\"https:\/\/dusart.nl\/de\/qualitat\/\" \/>\n<meta property=\"og:site_name\" content=\"Dusart\" \/>\n<meta property=\"article:modified_time\" content=\"2026-04-15T14:32:57+00:00\" \/>\n<meta name=\"twitter:card\" content=\"summary_large_image\" \/>\n<meta name=\"twitter:label1\" content=\"Gesch\u00e4tzte Lesezeit\" \/>\n\t<meta name=\"twitter:data1\" content=\"4\u00a0Minuten\" \/>\n<script type=\"application\/ld+json\" class=\"yoast-schema-graph\">{\"@context\":\"https:\/\/schema.org\",\"@graph\":[{\"@type\":\"WebPage\",\"@id\":\"https:\/\/dusart.nl\/de\/qualitat\/\",\"url\":\"https:\/\/dusart.nl\/de\/qualitat\/\",\"name\":\"Dusart | Qualit\u00e4t ist unsere h\u00f6chste Priorit\u00e4t\",\"isPartOf\":{\"@id\":\"https:\/\/www.dusartpharma.nl\/#website\"},\"datePublished\":\"2019-05-09T11:58:07+00:00\",\"dateModified\":\"2026-04-15T14:32:57+00:00\",\"description\":\"DuSart Pharma bv liefert Qualit\u00e4t f\u00fcr alle Ihre privaten Etiketten von Tabletten, Kapseln, Kr\u00e4utertinkturen, Salben, Cremes und allen Fl\u00fcssigen Produkten\",\"breadcrumb\":{\"@id\":\"https:\/\/dusart.nl\/de\/qualitat\/#breadcrumb\"},\"inLanguage\":\"de\",\"potentialAction\":[{\"@type\":\"ReadAction\",\"target\":[\"https:\/\/dusart.nl\/de\/qualitat\/\"]}]},{\"@type\":\"BreadcrumbList\",\"@id\":\"https:\/\/dusart.nl\/de\/qualitat\/#breadcrumb\",\"itemListElement\":[{\"@type\":\"ListItem\",\"position\":1,\"name\":\"Home\",\"item\":\"https:\/\/dusart.nl\/de\/\"},{\"@type\":\"ListItem\",\"position\":2,\"name\":\"Qualit\u00e4t\"}]},{\"@type\":\"WebSite\",\"@id\":\"https:\/\/www.dusartpharma.nl\/#website\",\"url\":\"https:\/\/www.dusartpharma.nl\/\",\"name\":\"Dusart\",\"description\":\"Supporting Health Since 1954\",\"potentialAction\":[{\"@type\":\"SearchAction\",\"target\":{\"@type\":\"EntryPoint\",\"urlTemplate\":\"https:\/\/www.dusartpharma.nl\/?s={search_term_string}\"},\"query-input\":{\"@type\":\"PropertyValueSpecification\",\"valueRequired\":true,\"valueName\":\"search_term_string\"}}],\"inLanguage\":\"de\"}]}<\/script>\n<!-- \/ Yoast SEO plugin. -->","yoast_head_json":{"title":"Dusart | Qualit\u00e4t ist unsere h\u00f6chste Priorit\u00e4t","description":"DuSart Pharma bv liefert Qualit\u00e4t f\u00fcr alle Ihre privaten Etiketten von Tabletten, Kapseln, Kr\u00e4utertinkturen, Salben, Cremes und allen Fl\u00fcssigen Produkten","robots":{"index":"index","follow":"follow","max-snippet":"max-snippet:-1","max-image-preview":"max-image-preview:large","max-video-preview":"max-video-preview:-1"},"canonical":"https:\/\/dusart.nl\/de\/qualitat\/","og_locale":"de_DE","og_type":"article","og_title":"Dusart | Qualit\u00e4t ist unsere h\u00f6chste Priorit\u00e4t","og_description":"DuSart Pharma bv liefert Qualit\u00e4t f\u00fcr alle Ihre privaten Etiketten von Tabletten, Kapseln, Kr\u00e4utertinkturen, Salben, Cremes und allen Fl\u00fcssigen Produkten","og_url":"https:\/\/dusart.nl\/de\/qualitat\/","og_site_name":"Dusart","article_modified_time":"2026-04-15T14:32:57+00:00","twitter_card":"summary_large_image","twitter_misc":{"Gesch\u00e4tzte Lesezeit":"4\u00a0Minuten"},"schema":{"@context":"https:\/\/schema.org","@graph":[{"@type":"WebPage","@id":"https:\/\/dusart.nl\/de\/qualitat\/","url":"https:\/\/dusart.nl\/de\/qualitat\/","name":"Dusart | Qualit\u00e4t ist unsere h\u00f6chste Priorit\u00e4t","isPartOf":{"@id":"https:\/\/www.dusartpharma.nl\/#website"},"datePublished":"2019-05-09T11:58:07+00:00","dateModified":"2026-04-15T14:32:57+00:00","description":"DuSart Pharma bv liefert Qualit\u00e4t f\u00fcr alle Ihre privaten Etiketten von Tabletten, Kapseln, Kr\u00e4utertinkturen, Salben, Cremes und allen Fl\u00fcssigen Produkten","breadcrumb":{"@id":"https:\/\/dusart.nl\/de\/qualitat\/#breadcrumb"},"inLanguage":"de","potentialAction":[{"@type":"ReadAction","target":["https:\/\/dusart.nl\/de\/qualitat\/"]}]},{"@type":"BreadcrumbList","@id":"https:\/\/dusart.nl\/de\/qualitat\/#breadcrumb","itemListElement":[{"@type":"ListItem","position":1,"name":"Home","item":"https:\/\/dusart.nl\/de\/"},{"@type":"ListItem","position":2,"name":"Qualit\u00e4t"}]},{"@type":"WebSite","@id":"https:\/\/www.dusartpharma.nl\/#website","url":"https:\/\/www.dusartpharma.nl\/","name":"Dusart","description":"Supporting Health Since 1954","potentialAction":[{"@type":"SearchAction","target":{"@type":"EntryPoint","urlTemplate":"https:\/\/www.dusartpharma.nl\/?s={search_term_string}"},"query-input":{"@type":"PropertyValueSpecification","valueRequired":true,"valueName":"search_term_string"}}],"inLanguage":"de"}]}},"_links":{"self":[{"href":"https:\/\/dusart.nl\/de\/wp-json\/wp\/v2\/pages\/793","targetHints":{"allow":["GET"]}}],"collection":[{"href":"https:\/\/dusart.nl\/de\/wp-json\/wp\/v2\/pages"}],"about":[{"href":"https:\/\/dusart.nl\/de\/wp-json\/wp\/v2\/types\/page"}],"author":[{"embeddable":true,"href":"https:\/\/dusart.nl\/de\/wp-json\/wp\/v2\/users\/1"}],"replies":[{"embeddable":true,"href":"https:\/\/dusart.nl\/de\/wp-json\/wp\/v2\/comments?post=793"}],"version-history":[{"count":23,"href":"https:\/\/dusart.nl\/de\/wp-json\/wp\/v2\/pages\/793\/revisions"}],"predecessor-version":[{"id":7133,"href":"https:\/\/dusart.nl\/de\/wp-json\/wp\/v2\/pages\/793\/revisions\/7133"}],"wp:attachment":[{"href":"https:\/\/dusart.nl\/de\/wp-json\/wp\/v2\/media?parent=793"}],"curies":[{"name":"wp","href":"https:\/\/api.w.org\/{rel}","templated":true}]}}