  {"id":795,"date":"2019-05-09T13:03:35","date_gmt":"2019-05-09T12:03:35","guid":{"rendered":"https:\/\/dusart.nl\/uber-uns\/"},"modified":"2024-12-10T13:06:58","modified_gmt":"2024-12-10T12:06:58","slug":"uber-uns","status":"publish","type":"page","link":"https:\/\/dusart.nl\/de\/uber-uns\/","title":{"rendered":"Uber uns"},"content":{"rendered":"<div class=\"wpb-content-wrapper\"><p>[vc_row][vc_column][rev_slider_vc alias=&#8221;over-ons&#8221;][\/vc_column][\/vc_row][vc_row][vc_column width=&#8221;1\/6&#8243;][\/vc_column][vc_column css_animation=&#8221;fadeInUp&#8221; width=&#8221;2\/3&#8243; marginheader=&#8221;&#8221; paddingheader=&#8221;&#8221; lmarginheader=&#8221;&#8221; lpaddingheader=&#8221;&#8221; tmarginheader=&#8221;&#8221; tpaddingheader=&#8221;&#8221; mmarginheader=&#8221;&#8221; mpaddingheader=&#8221;&#8221; el_class=&#8221;large-sub-section&#8221;][vc_column_text el_class=&#8221;large-sub-section-text&#8221;]<\/p>\n<h2>wilkommen bei Dusart<\/h2>\n<p>Gesundheit f\u00f6rdern seit 1954. Seit 70 Jahren entwickeln und produzieren wir hochwertige Produkte f\u00fcr Ihre Gesundheit. Wir liefern nicht nur h\u00f6chste Qualit\u00e4t, sondern auch erstklassigen Service &#8211; lange nach der Auslieferung. Das tun wir mit Leidenschaft, Freude und Humor. Wir sind Dusart! [\/vc_column_text][vc_empty_space][vc_column_text el_class=&#8221;large-sub-section-text&#8221;]<\/p>\n<h2>Unsere Mission<\/h2>\n<p>Gesundheit f\u00f6rdern seit 1954.[\/vc_column_text][vc_empty_space][vc_column_text el_class=&#8221;large-sub-section-text&#8221;]<\/p>\n<h2>Unsere Vision<\/h2>\n<p>1. Wir glauben an die Kraft der Natur und nat\u00fcrlicher Inhaltsstoffe.<\/p>\n<p>2. Wir entwickeln hochmoderne Nahrungserg\u00e4nzungsmittel mit der effektivsten Zusammensetzung und in der benutzerfreundlichsten Darreichungsform.<\/p>\n<p>3.\u00a0 Wir sind Experte auf dem Gebiet der Nahrungserg\u00e4nzungsmittel.[\/vc_column_text][\/vc_column][vc_column width=&#8221;1\/6&#8243;][\/vc_column][\/vc_row][vc_row lmarginbottom=&#8221;25px&#8221; mmarginbottom=&#8221;0px&#8221; marginheader=&#8221;&#8221; paddingheader=&#8221;&#8221; lmarginheader=&#8221;&#8221; lpaddingheader=&#8221;&#8221; tmarginheader=&#8221;&#8221; tpaddingheader=&#8221;&#8221; mmarginheader=&#8221;&#8221; mpaddingheader=&#8221;&#8221;][vc_column width=&#8221;1\/12&#8243;][\/vc_column][vc_column width=&#8221;5\/6&#8243;][vc_row_inner][vc_column_inner width=&#8221;1\/3&#8243;][vc_column_text css_animation=&#8221;fadeInUp&#8221;]<\/p>\n<h3>Opa DuSart<\/h3>\n<p>Herr Johannes Du Sart, den wir Opa DuSart nennen, ist der Gr\u00fcnder von DuSart Pharma. Opa DuSart wurde 1922 geboren und ist heute noch erstaunlich vital. Seine Hingabe und Leidenschaft f\u00fcr seinen Beruf strahlen noch immer in unsere t\u00e4gliche Arbeit aus! [\/vc_column_text][vc_column_text css_animation=&#8221;fadeInUp&#8221;]<\/p>\n<h3>Geschichte<\/h3>\n<p>Unsere Geschichte beginnt 1954 mit der Entwicklung von Ginseng Tonicum: einem Kr\u00e4uterbitter auf Basis von Ginsengwurzel, produziert von Opa DuSart. Von dort aus entwickelte sich das Unternehmen zu einem Spezialisten f\u00fcr fl\u00fcssige und feste Nahrungserg\u00e4nzungsmittel. [\/vc_column_text][vc_column_text css_animation=&#8221;fadeInUp&#8221;]<\/p>\n<h3>Heute<\/h3>\n<p>Mittlerweile sind wir zu einem renommierten Unternehmen mit \u00fcberlegenem Wissen und Erfahrung im technologischen und pharmazeutisch-chemischen Bereich gewachsen. Wir entwickeln, produzieren, verpacken und vertreiben. [\/vc_column_text][vc_column_text css_animation=&#8221;fadeInUp&#8221;]<\/p>\n<h3>Zukunft<\/h3>\n<p>Unsere St\u00e4rke liegt in unserer innovativen Arbeitsweise. So kombinieren wir moderne Technik mit altbew\u00e4hrtem, gutem Service. Sie haben die Idee, DuSart kann sie realisieren. Das ist unsere St\u00e4rke und das tun wir seit 70 Jahren erfolgreich f\u00fcr sehr unterschiedliche Kunden. [\/vc_column_text][\/vc_column_inner][vc_column_inner width=&#8221;2\/3&#8243;][vc_empty_space height=&#8221;30px&#8221;][vc_single_image image=&#8221;4728&#8243; img_size=&#8221;full&#8221;][\/vc_column_inner][\/vc_row_inner][\/vc_column][vc_column width=&#8221;1\/12&#8243;][\/vc_column][\/vc_row][vc_row lmarginbottom=&#8221;25px&#8221; mmarginbottom=&#8221;0px&#8221; marginheader=&#8221;&#8221; paddingheader=&#8221;&#8221; lmarginheader=&#8221;&#8221; lpaddingheader=&#8221;&#8221; tmarginheader=&#8221;&#8221; tpaddingheader=&#8221;&#8221; mmarginheader=&#8221;&#8221; mpaddingheader=&#8221;&#8221;][vc_column width=&#8221;1\/6&#8243;][\/vc_column][vc_column width=&#8221;2\/3&#8243;][vc_row_inner][vc_column_inner width=&#8221;1\/2&#8243;][\/vc_column_inner][\/vc_row_inner][\/vc_column][vc_column width=&#8221;1\/6&#8243;][\/vc_column][\/vc_row][vc_row][vc_column][vc_empty_space height=&#8221;100px&#8221; el_class=&#8221;collapsable-space-top&#8221;][\/vc_column][\/vc_row][vc_row mmargintop=&#8221;50px&#8221; marginheader=&#8221;&#8221; paddingheader=&#8221;&#8221; lmarginheader=&#8221;&#8221; lpaddingheader=&#8221;&#8221; tmarginheader=&#8221;&#8221; tpaddingheader=&#8221;&#8221; mmarginheader=&#8221;&#8221; mpaddingheader=&#8221;&#8221;][vc_column width=&#8221;1\/6&#8243;][\/vc_column][vc_column css_animation=&#8221;bottom-to-top&#8221; width=&#8221;2\/3&#8243; marginheader=&#8221;&#8221; paddingheader=&#8221;&#8221; lmarginheader=&#8221;&#8221; lpaddingheader=&#8221;&#8221; tmarginheader=&#8221;&#8221; tpaddingheader=&#8221;&#8221; mmarginheader=&#8221;&#8221; mpaddingheader=&#8221;&#8221;][vc_column_text el_class=&#8221;form-header&#8221;]<\/p>\n<h3>Zusammen Ihr Produkt Entwerfen und produzieren? Sind Sie neugierig auf unsere Verpackungsm\u00f6glichkeiten? M\u00f6chten Sie mehr \u00fcber Nahrungserg\u00e4nzungsmittel erfahren? Kontaktieren Sie uns!<\/h3>\n<p>[\/vc_column_text]<div class=\"wpforms-container collaborate-form wpforms-render-modern\" id=\"wpforms-6869\"><form id=\"wpforms-form-6869\" class=\"wpforms-validate wpforms-form\" data-formid=\"6869\" method=\"post\" enctype=\"multipart\/form-data\" action=\"\/de\/wp-json\/wp\/v2\/pages\/795\" data-token=\"bff88f35cbb8e14be9a673af800057fe\" data-token-time=\"1776204230\"><noscript class=\"wpforms-error-noscript\">Bitte aktiviere JavaScript in deinem Browser, um dieses Formular fertigzustellen.<\/noscript><div id=\"wpforms-error-noscript\" style=\"display: none;\">Bitte aktiviere JavaScript in deinem Browser, um dieses Formular fertigzustellen.<\/div><div class=\"wpforms-field-container\">\t\t<div id=\"wpforms-6869-field_8-container\"\n\t\t\tclass=\"wpforms-field wpforms-field-text\"\n\t\t\tdata-field-type=\"text\"\n\t\t\tdata-field-id=\"8\"\n\t\t\t>\n\t\t\t<label class=\"wpforms-field-label\" for=\"wpforms-6869-field_8\" >Vorname Nachname E-Mail-Adresse<\/label>\n\t\t\t<input type=\"text\" id=\"wpforms-6869-field_8\" class=\"wpforms-field-medium\" name=\"wpforms[fields][8]\" >\n\t\t<\/div>\n\t\t<div id=\"wpforms-6869-field_7-container\" class=\"wpforms-field wpforms-field-layout\" data-field-id=\"7\"><div class=\"wpforms-field-layout-rows wpforms-field-large\"><div class=\"wpforms-layout-row\"><div class=\"wpforms-layout-column wpforms-layout-column-50\"><div id=\"wpforms-6869-field_1-container\" class=\"wpforms-field wpforms-field-text\" data-field-id=\"1\"><label class=\"wpforms-field-label wpforms-label-hide\" for=\"wpforms-6869-field_1\" aria-hidden=\"false\">Vorname <span class=\"wpforms-required-label\" aria-hidden=\"true\">*<\/span><\/label><input type=\"text\" id=\"wpforms-6869-field_1\" class=\"wpforms-field-medium wpforms-field-required\" name=\"wpforms[fields][1]\" placeholder=\"Vorname\" aria-errormessage=\"wpforms-6869-field_1-error\" required><\/div><\/div><div class=\"wpforms-layout-column wpforms-layout-column-50\"><div id=\"wpforms-6869-field_2-container\" class=\"wpforms-field wpforms-field-text\" data-field-id=\"2\"><label class=\"wpforms-field-label wpforms-label-hide\" for=\"wpforms-6869-field_2\" aria-hidden=\"false\">Nachname <span class=\"wpforms-required-label\" aria-hidden=\"true\">*<\/span><\/label><input type=\"text\" id=\"wpforms-6869-field_2\" class=\"wpforms-field-medium wpforms-field-required\" name=\"wpforms[fields][2]\" placeholder=\"Nachname\" aria-errormessage=\"wpforms-6869-field_2-error\" required><\/div><\/div><\/div><div class=\"wpforms-layout-row\"><div class=\"wpforms-layout-column wpforms-layout-column-50\"><div id=\"wpforms-6869-field_3-container\" class=\"wpforms-field wpforms-field-email\" data-field-id=\"3\"><label class=\"wpforms-field-label wpforms-label-hide\" for=\"wpforms-6869-field_3\" aria-hidden=\"false\">E-Mail-Adresse <span class=\"wpforms-required-label\" aria-hidden=\"true\">*<\/span><\/label><input type=\"email\" id=\"wpforms-6869-field_3\" class=\"wpforms-field-medium wpforms-field-required\" name=\"wpforms[fields][3]\" placeholder=\"E-Mail-Adresse\" spellcheck=\"false\" aria-errormessage=\"wpforms-6869-field_3-error\" required><\/div><\/div><div class=\"wpforms-layout-column wpforms-layout-column-50\"><div id=\"wpforms-6869-field_4-container\" class=\"wpforms-field wpforms-field-phone\" data-field-id=\"4\"><label class=\"wpforms-field-label wpforms-label-hide\" for=\"wpforms-6869-field_4\" aria-hidden=\"false\">Telefonnummer <span class=\"wpforms-required-label\" aria-hidden=\"true\">*<\/span><\/label><input type=\"tel\" id=\"wpforms-6869-field_4\" class=\"wpforms-field-medium wpforms-field-required\" data-rule-int-phone-field=\"true\" name=\"wpforms[fields][4]\" placeholder=\"Telefonnummer\" aria-label=\"Telefonnummer\" aria-errormessage=\"wpforms-6869-field_4-error\" required><\/div><\/div><\/div><\/div><\/div><div id=\"wpforms-6869-field_5-container\" class=\"wpforms-field wpforms-field-textarea\" data-field-id=\"5\"><label class=\"wpforms-field-label wpforms-label-hide\" for=\"wpforms-6869-field_5\" aria-hidden=\"false\">Mitteilung<\/label><textarea id=\"wpforms-6869-field_5\" class=\"wpforms-field-medium\" name=\"wpforms[fields][5]\" placeholder=\"Mitteilung\" aria-errormessage=\"wpforms-6869-field_5-error\" ><\/textarea><\/div><div id=\"wpforms-6869-field_6-container\" class=\"wpforms-field wpforms-field-checkbox collaborate-form\" data-field-id=\"6\"><fieldset><legend class=\"wpforms-field-label wpforms-label-hide\" aria-hidden=\"false\">Acceptance field <span class=\"wpforms-required-label\" aria-hidden=\"true\">*<\/span><\/legend><ul id=\"wpforms-6869-field_6\" class=\"wpforms-field-required\"><li class=\"choice-1 depth-1\"><input type=\"checkbox\" id=\"wpforms-6869-field_6_1\" name=\"wpforms[fields][6][]\" value=\"Ich bin mit den Bedingungen auf unserer &lt;a href=&quot;https:\/\/dusart.nl\/de\/datenschutz\/&quot;&gt;Datenschutzseite&lt;\/a&gt; einverstanden.\" aria-errormessage=\"wpforms-6869-field_6_1-error\" required ><label class=\"wpforms-field-label-inline\" for=\"wpforms-6869-field_6_1\">Ich bin mit den Bedingungen auf unserer <a href=\"https:\/\/dusart.nl\/de\/datenschutz\/\">Datenschutzseite<\/a> einverstanden.<\/label><\/li><\/ul><\/fieldset><\/div><div id=\"wpforms-6869-field_9-container\" class=\"wpforms-field wpforms-field-content recaptcha-text\" data-field-id=\"9\"><div id=\"wpforms-6869-field_9\" class=\"wpforms-field-large wpforms-field-row\" aria-errormessage=\"wpforms-6869-field_9-error\"><p>This site is protected by reCAPTCHA and the Google <a href=\"https:\/\/policies.google.com\/privacy\">Privacy Policy<\/a> and <a href=\"https:\/\/policies.google.com\/terms\">Terms of Service<\/a> apply.<\/p>\n<div class=\"wpforms-field-content-display-frontend-clear\"><\/div><\/div><\/div><script>\n\t\t\t\t( function() {\n\t\t\t\t\tconst style = document.createElement( 'style' );\n\t\t\t\t\tstyle.appendChild( document.createTextNode( '#wpforms-6869-field_8-container { position: absolute !important; overflow: hidden !important; display: inline !important; height: 1px !important; width: 1px !important; z-index: -1000 !important; padding: 0 !important; } #wpforms-6869-field_8-container input { visibility: hidden; } #wpforms-conversational-form-page #wpforms-6869-field_8-container label { counter-increment: none; }' ) );\n\t\t\t\t\tdocument.head.appendChild( style );\n\t\t\t\t\tdocument.currentScript?.remove();\n\t\t\t\t} )();\n\t\t\t<\/script><\/div><!-- .wpforms-field-container --><div class=\"wpforms-recaptcha-container wpforms-is-recaptcha wpforms-is-recaptcha-type-v3\" ><input type=\"hidden\" name=\"wpforms[recaptcha]\" value=\"\"><\/div><div class=\"wpforms-submit-container\" ><input type=\"hidden\" name=\"wpforms[id]\" value=\"6869\"><input type=\"hidden\" name=\"page_title\" value=\"\"><input type=\"hidden\" name=\"page_url\" value=\"https:\/\/dusart.nl\/de\/wp-json\/wp\/v2\/pages\/795\"><input type=\"hidden\" name=\"url_referer\" value=\"\"><button type=\"submit\" name=\"wpforms[submit]\" id=\"wpforms-submit-6869\" class=\"wpforms-submit collaborate-button\" data-alt-text=\"Senden\" data-submit-text=\"Absenden\" aria-live=\"assertive\" value=\"wpforms-submit\">Absenden<\/button><\/div><\/form><\/div>  <!-- .wpforms-container -->[\/vc_column][vc_column width=&#8221;1\/6&#8243;][\/vc_column][\/vc_row][vc_row][vc_column][vc_empty_space height=&#8221;200px&#8221; el_class=&#8221;collapsable-space-bottom&#8221;][\/vc_column][\/vc_row]<\/p>\n<\/div>","protected":false},"excerpt":{"rendered":"<p>[vc_row][vc_column][rev_slider_vc alias=&#8221;over-ons&#8221;][\/vc_column][\/vc_row][vc_row][vc_column width=&#8221;1\/6&#8243;][\/vc_column][vc_column css_animation=&#8221;fadeInUp&#8221; width=&#8221;2\/3&#8243; marginheader=&#8221;&#8221; paddingheader=&#8221;&#8221; lmarginheader=&#8221;&#8221; lpaddingheader=&#8221;&#8221; tmarginheader=&#8221;&#8221; tpaddingheader=&#8221;&#8221; mmarginheader=&#8221;&#8221; mpaddingheader=&#8221;&#8221; el_class=&#8221;large-sub-section&#8221;][vc_column_text el_class=&#8221;large-sub-section-text&#8221;]&#8230;<\/p>\n","protected":false},"author":1,"featured_media":0,"parent":0,"menu_order":6,"comment_status":"closed","ping_status":"closed","template":"","meta":{"_acf_changed":false,"footnotes":""},"class_list":["post-795","page","type-page","status-publish","hentry"],"acf":[],"yoast_head":"<!-- This site is optimized with the Yoast SEO plugin v26.6 - https:\/\/yoast.com\/wordpress\/plugins\/seo\/ -->\n<title>Dusart - Uber Dusart<\/title>\n<meta name=\"description\" content=\"Dusart besch\u00e4ftigt sich seit 1954 mit Handelsmarken von Tabletten, Kapseln, Kr\u00e4utertinkturen, Salben, Cremes und allen fl\u00fcssigen Produkten\" \/>\n<meta name=\"robots\" content=\"index, follow, max-snippet:-1, max-image-preview:large, max-video-preview:-1\" \/>\n<link rel=\"canonical\" href=\"https:\/\/dusart.nl\/de\/uber-uns\/\" \/>\n<meta property=\"og:locale\" content=\"de_DE\" \/>\n<meta property=\"og:type\" content=\"article\" \/>\n<meta property=\"og:title\" content=\"Dusart - Uber Dusart\" \/>\n<meta property=\"og:description\" content=\"Dusart besch\u00e4ftigt sich seit 1954 mit Handelsmarken von Tabletten, Kapseln, Kr\u00e4utertinkturen, Salben, Cremes und allen fl\u00fcssigen Produkten\" \/>\n<meta property=\"og:url\" content=\"https:\/\/dusart.nl\/de\/uber-uns\/\" \/>\n<meta property=\"og:site_name\" content=\"Dusart\" \/>\n<meta property=\"article:modified_time\" content=\"2024-12-10T12:06:58+00:00\" \/>\n<meta name=\"twitter:card\" content=\"summary_large_image\" \/>\n<meta name=\"twitter:label1\" content=\"Gesch\u00e4tzte Lesezeit\" \/>\n\t<meta name=\"twitter:data1\" content=\"2\u00a0Minuten\" \/>\n<script type=\"application\/ld+json\" class=\"yoast-schema-graph\">{\"@context\":\"https:\/\/schema.org\",\"@graph\":[{\"@type\":\"WebPage\",\"@id\":\"https:\/\/dusart.nl\/de\/uber-uns\/\",\"url\":\"https:\/\/dusart.nl\/de\/uber-uns\/\",\"name\":\"Dusart - Uber Dusart\",\"isPartOf\":{\"@id\":\"https:\/\/www.dusartpharma.nl\/#website\"},\"datePublished\":\"2019-05-09T12:03:35+00:00\",\"dateModified\":\"2024-12-10T12:06:58+00:00\",\"description\":\"Dusart besch\u00e4ftigt sich seit 1954 mit Handelsmarken von Tabletten, Kapseln, Kr\u00e4utertinkturen, Salben, Cremes und allen fl\u00fcssigen Produkten\",\"breadcrumb\":{\"@id\":\"https:\/\/dusart.nl\/de\/uber-uns\/#breadcrumb\"},\"inLanguage\":\"de\",\"potentialAction\":[{\"@type\":\"ReadAction\",\"target\":[\"https:\/\/dusart.nl\/de\/uber-uns\/\"]}]},{\"@type\":\"BreadcrumbList\",\"@id\":\"https:\/\/dusart.nl\/de\/uber-uns\/#breadcrumb\",\"itemListElement\":[{\"@type\":\"ListItem\",\"position\":1,\"name\":\"Home\",\"item\":\"https:\/\/dusart.nl\/de\/\"},{\"@type\":\"ListItem\",\"position\":2,\"name\":\"Uber uns\"}]},{\"@type\":\"WebSite\",\"@id\":\"https:\/\/www.dusartpharma.nl\/#website\",\"url\":\"https:\/\/www.dusartpharma.nl\/\",\"name\":\"Dusart\",\"description\":\"Supporting Health Since 1954\",\"potentialAction\":[{\"@type\":\"SearchAction\",\"target\":{\"@type\":\"EntryPoint\",\"urlTemplate\":\"https:\/\/www.dusartpharma.nl\/?s={search_term_string}\"},\"query-input\":{\"@type\":\"PropertyValueSpecification\",\"valueRequired\":true,\"valueName\":\"search_term_string\"}}],\"inLanguage\":\"de\"}]}<\/script>\n<!-- \/ Yoast SEO plugin. -->","yoast_head_json":{"title":"Dusart - Uber Dusart","description":"Dusart besch\u00e4ftigt sich seit 1954 mit Handelsmarken von Tabletten, Kapseln, Kr\u00e4utertinkturen, Salben, Cremes und allen fl\u00fcssigen Produkten","robots":{"index":"index","follow":"follow","max-snippet":"max-snippet:-1","max-image-preview":"max-image-preview:large","max-video-preview":"max-video-preview:-1"},"canonical":"https:\/\/dusart.nl\/de\/uber-uns\/","og_locale":"de_DE","og_type":"article","og_title":"Dusart - Uber Dusart","og_description":"Dusart besch\u00e4ftigt sich seit 1954 mit Handelsmarken von Tabletten, Kapseln, Kr\u00e4utertinkturen, Salben, Cremes und allen fl\u00fcssigen Produkten","og_url":"https:\/\/dusart.nl\/de\/uber-uns\/","og_site_name":"Dusart","article_modified_time":"2024-12-10T12:06:58+00:00","twitter_card":"summary_large_image","twitter_misc":{"Gesch\u00e4tzte Lesezeit":"2\u00a0Minuten"},"schema":{"@context":"https:\/\/schema.org","@graph":[{"@type":"WebPage","@id":"https:\/\/dusart.nl\/de\/uber-uns\/","url":"https:\/\/dusart.nl\/de\/uber-uns\/","name":"Dusart - Uber Dusart","isPartOf":{"@id":"https:\/\/www.dusartpharma.nl\/#website"},"datePublished":"2019-05-09T12:03:35+00:00","dateModified":"2024-12-10T12:06:58+00:00","description":"Dusart besch\u00e4ftigt sich seit 1954 mit Handelsmarken von Tabletten, Kapseln, Kr\u00e4utertinkturen, Salben, Cremes und allen fl\u00fcssigen Produkten","breadcrumb":{"@id":"https:\/\/dusart.nl\/de\/uber-uns\/#breadcrumb"},"inLanguage":"de","potentialAction":[{"@type":"ReadAction","target":["https:\/\/dusart.nl\/de\/uber-uns\/"]}]},{"@type":"BreadcrumbList","@id":"https:\/\/dusart.nl\/de\/uber-uns\/#breadcrumb","itemListElement":[{"@type":"ListItem","position":1,"name":"Home","item":"https:\/\/dusart.nl\/de\/"},{"@type":"ListItem","position":2,"name":"Uber uns"}]},{"@type":"WebSite","@id":"https:\/\/www.dusartpharma.nl\/#website","url":"https:\/\/www.dusartpharma.nl\/","name":"Dusart","description":"Supporting Health Since 1954","potentialAction":[{"@type":"SearchAction","target":{"@type":"EntryPoint","urlTemplate":"https:\/\/www.dusartpharma.nl\/?s={search_term_string}"},"query-input":{"@type":"PropertyValueSpecification","valueRequired":true,"valueName":"search_term_string"}}],"inLanguage":"de"}]}},"_links":{"self":[{"href":"https:\/\/dusart.nl\/de\/wp-json\/wp\/v2\/pages\/795","targetHints":{"allow":["GET"]}}],"collection":[{"href":"https:\/\/dusart.nl\/de\/wp-json\/wp\/v2\/pages"}],"about":[{"href":"https:\/\/dusart.nl\/de\/wp-json\/wp\/v2\/types\/page"}],"author":[{"embeddable":true,"href":"https:\/\/dusart.nl\/de\/wp-json\/wp\/v2\/users\/1"}],"replies":[{"embeddable":true,"href":"https:\/\/dusart.nl\/de\/wp-json\/wp\/v2\/comments?post=795"}],"version-history":[{"count":14,"href":"https:\/\/dusart.nl\/de\/wp-json\/wp\/v2\/pages\/795\/revisions"}],"predecessor-version":[{"id":6935,"href":"https:\/\/dusart.nl\/de\/wp-json\/wp\/v2\/pages\/795\/revisions\/6935"}],"wp:attachment":[{"href":"https:\/\/dusart.nl\/de\/wp-json\/wp\/v2\/media?parent=795"}],"curies":[{"name":"wp","href":"https:\/\/api.w.org\/{rel}","templated":true}]}}